{"id":366,"date":"2026-04-05T23:29:07","date_gmt":"2026-04-05T23:29:07","guid":{"rendered":"https:\/\/sezginpil.com\/?post_type=product&#038;p=366"},"modified":"2026-04-05T23:29:08","modified_gmt":"2026-04-05T23:29:08","slug":"samsung-25s","status":"publish","type":"product","link":"https:\/\/sezginpil.com\/?product=samsung-25s","title":{"rendered":"SAMSUNG 25S"},"content":{"rendered":"<h3 data-path-to-node=\"2\">Teknik \u00d6zellikler<\/h3>\n<table data-path-to-node=\"3\">\n<thead>\n<tr>\n<td><strong>\u00d6zellik<\/strong><\/td>\n<td><strong>De\u011fer \/ A\u00e7\u0131klama<\/strong><\/td>\n<\/tr>\n<\/thead>\n<tbody>\n<tr>\n<td><span data-path-to-node=\"3,1,0,0\"><b data-path-to-node=\"3,1,0,0\" data-index-in-node=\"0\">Kimya<\/b><\/span><\/td>\n<td><span data-path-to-node=\"3,1,1,0\">INR (Lityum Nikel Manganez Kobalt Oksit)<\/span><\/td>\n<\/tr>\n<tr>\n<td><span data-path-to-node=\"3,2,0,0\"><b data-path-to-node=\"3,2,0,0\" data-index-in-node=\"0\">Nominal Voltaj<\/b><\/span><\/td>\n<td><span data-path-to-node=\"3,2,1,0\"><span class=\"math-inline\" data-math=\"3.6V\" data-index-in-node=\"0\">$3.6V$<\/span><\/span><\/td>\n<\/tr>\n<tr>\n<td><span data-path-to-node=\"3,3,0,0\"><b data-path-to-node=\"3,3,0,0\" data-index-in-node=\"0\">Kapasite<\/b><\/span><\/td>\n<td><span data-path-to-node=\"3,3,1,0\"><span class=\"math-inline\" data-math=\"2500 mAh\" data-index-in-node=\"0\">$2500 mAh$<\/span><\/span><\/td>\n<\/tr>\n<tr>\n<td><span data-path-to-node=\"3,4,0,0\"><b data-path-to-node=\"3,4,0,0\" data-index-in-node=\"0\">S\u00fcrekli De\u015farj Ak\u0131m\u0131<\/b><\/span><\/td>\n<td><span data-path-to-node=\"3,4,1,0\"><b data-path-to-node=\"3,4,1,0\" data-index-in-node=\"0\"><span class=\"math-inline\" data-math=\"25A\" data-index-in-node=\"0\">$25A$<\/span><\/b> (S\u0131cakl\u0131k kontrol\u00fc ile <span class=\"math-inline\" data-math=\"35A\" data-index-in-node=\"27\">$35A$<\/span>+)<\/span><\/td>\n<\/tr>\n<tr>\n<td><span data-path-to-node=\"3,5,0,0\"><b data-path-to-node=\"3,5,0,0\" data-index-in-node=\"0\">Anl\u0131k De\u015farj (Pulse)<\/b><\/span><\/td>\n<td><span data-path-to-node=\"3,5,1,0\"><span class=\"math-inline\" data-math=\"50A\" data-index-in-node=\"0\">$50A$<\/span> &#8211; <span class=\"math-inline\" data-math=\"70A\" data-index-in-node=\"6\">$70A$<\/span> (K\u0131sa s\u00fcreli)<\/span><\/td>\n<\/tr>\n<tr>\n<td><span data-path-to-node=\"3,6,0,0\"><b data-path-to-node=\"3,6,0,0\" data-index-in-node=\"0\">\u0130\u00e7 Diren\u00e7<\/b><\/span><\/td>\n<td><span data-path-to-node=\"3,6,1,0\"><span class=\"math-inline\" data-math=\"&lt;15 m\\Omega\" data-index-in-node=\"0\">$&lt;15 m\\Omega$<\/span> (\u00c7ok d\u00fc\u015f\u00fck, az \u0131s\u0131nma)<\/span><\/td>\n<\/tr>\n<tr>\n<td><span data-path-to-node=\"3,7,0,0\"><b data-path-to-node=\"3,7,0,0\" data-index-in-node=\"0\">Maksimum \u015earj Voltaj\u0131<\/b><\/span><\/td>\n<td><span data-path-to-node=\"3,7,1,0\"><span class=\"math-inline\" data-math=\"4.2V\" data-index-in-node=\"0\">$4.2V$<\/span><\/span><\/td>\n<\/tr>\n<tr>\n<td><span data-path-to-node=\"3,8,0,0\"><b data-path-to-node=\"3,8,0,0\" data-index-in-node=\"0\">A\u011f\u0131rl\u0131k<\/b><\/span><\/td>\n<td><span data-path-to-node=\"3,8,1,0\">Yakla\u015f\u0131k <span class=\"math-inline\" data-math=\"45g\" data-index-in-node=\"9\">$45g$<\/span><\/span><\/td>\n<\/tr>\n<tr>\n<td><span data-path-to-node=\"3,9,0,0\"><b data-path-to-node=\"3,9,0,0\" data-index-in-node=\"0\">Boyut<\/b><\/span><\/td>\n<td><span data-path-to-node=\"3,9,1,0\"><span class=\"math-inline\" data-math=\"18.3mm\" data-index-in-node=\"0\">$18.3mm$<\/span> \u00e7ap, <span class=\"math-inline\" data-math=\"64.8mm\" data-index-in-node=\"12\">$64.8mm$<\/span> uzunluk<\/span><\/td>\n<\/tr>\n<\/tbody>\n<\/table>\n<h3 data-path-to-node=\"2\">Kullan\u0131m Alanlar\u0131:<\/h3>\n<ul>\n<li>\n<p data-path-to-node=\"10,0,0\"><b data-path-to-node=\"10,0,0\" data-index-in-node=\"0\">Y\u00fcksek Torklu El Aletleri:<\/b> A\u011f\u0131r hizmet tipi darbeli matkaplar, b\u00fcy\u00fck hiltiler ve elektrikli testereler. 25R&#8217;nin yetersiz kald\u0131\u011f\u0131 &#8220;heavy-duty&#8221; i\u015flerde 25S devreye girer.<\/p>\n<\/li>\n<li>\n<p data-path-to-node=\"10,2,0\"><b data-path-to-node=\"10,2,0\" data-index-in-node=\"0\">Yar\u0131\u015f Drone&#8217;lar\u0131 ve RC:<\/b> Anl\u0131k \u00e7ok y\u00fcksek ak\u0131m (burst) gerektiren yar\u0131\u015f tipi drone batarya paketleri.<\/p>\n<\/li>\n<li>\n<p data-path-to-node=\"10,3,0\"><b data-path-to-node=\"10,3,0\" data-index-in-node=\"0\">Elektrikli Ula\u015f\u0131m (Performans Odakl\u0131):<\/b> H\u0131zlanma torku y\u00fcksek olan elektrikli kaykaylar ve modifiyeli scooterlar.<\/p>\n<\/li>\n<\/ul>\n","protected":false},"excerpt":{"rendered":"<p>Teknik \u00d6zellikler \u00d6zellik De\u011fer \/ A\u00e7\u0131klama Kimya INR (Lityum Nikel Manganez Kobalt Oksit) Nominal Voltaj $3.6V$ Kapasite $2500 mAh$ S\u00fcrekli [&hellip;]<\/p>\n","protected":false},"featured_media":360,"comment_status":"open","ping_status":"closed","template":"","meta":{"site-sidebar-layout":"default","site-content-layout":"","ast-site-content-layout":"default","site-content-style":"default","site-sidebar-style":"default","ast-global-header-display":"","ast-banner-title-visibility":"","ast-main-header-display":"","ast-hfb-above-header-display":"","ast-hfb-below-header-display":"","ast-hfb-mobile-header-display":"","site-post-title":"","ast-breadcrumbs-content":"","ast-featured-img":"","footer-sml-layout":"","ast-disable-related-posts":"","theme-transparent-header-meta":"default","adv-header-id-meta":"","stick-header-meta":"","header-above-stick-meta":"","header-main-stick-meta":"","header-below-stick-meta":"","astra-migrate-meta-layouts":"set","ast-page-background-enabled":"default","ast-page-background-meta":{"desktop":{"background-color":"var(--ast-global-color-5)","background-image":"","background-repeat":"repeat","background-position":"center center","background-size":"auto","background-attachment":"scroll","background-type":"","background-media":"","overlay-type":"","overlay-color":"","overlay-opacity":"","overlay-gradient":""},"tablet":{"background-color":"","background-image":"","background-repeat":"repeat","background-position":"center center","background-size":"auto","background-attachment":"scroll","background-type":"","background-media":"","overlay-type":"","overlay-color":"","overlay-opacity":"","overlay-gradient":""},"mobile":{"background-color":"","background-image":"","background-repeat":"repeat","background-position":"center center","background-size":"auto","background-attachment":"scroll","background-type":"","background-media":"","overlay-type":"","overlay-color":"","overlay-opacity":"","overlay-gradient":""}},"ast-content-background-meta":{"desktop":{"background-color":"var(--ast-global-color-4)","background-image":"","background-repeat":"repeat","background-position":"center center","background-size":"auto","background-attachment":"scroll","background-type":"","background-media":"","overlay-type":"","overlay-color":"","overlay-opacity":"","overlay-gradient":""},"tablet":{"background-color":"var(--ast-global-color-4)","background-image":"","background-repeat":"repeat","background-position":"center center","background-size":"auto","background-attachment":"scroll","background-type":"","background-media":"","overlay-type":"","overlay-color":"","overlay-opacity":"","overlay-gradient":""},"mobile":{"background-color":"var(--ast-global-color-4)","background-image":"","background-repeat":"repeat","background-position":"center center","background-size":"auto","background-attachment":"scroll","background-type":"","background-media":"","overlay-type":"","overlay-color":"","overlay-opacity":"","overlay-gradient":""}}},"product_brand":[44],"product_cat":[102],"product_tag":[103,81,101],"class_list":{"0":"post-366","1":"product","2":"type-product","3":"status-publish","4":"has-post-thumbnail","6":"product_brand-samsung","7":"product_cat-samsung-25s","8":"product_tag-25s","9":"product_tag-pil","10":"product_tag-samsung","11":"desktop-align-left","12":"tablet-align-left","13":"mobile-align-left","15":"first","16":"instock","17":"shipping-taxable","18":"purchasable","19":"product-type-simple"},"aioseo_notices":[],"_links":{"self":[{"href":"https:\/\/sezginpil.com\/index.php?rest_route=\/wp\/v2\/product\/366","targetHints":{"allow":["GET"]}}],"collection":[{"href":"https:\/\/sezginpil.com\/index.php?rest_route=\/wp\/v2\/product"}],"about":[{"href":"https:\/\/sezginpil.com\/index.php?rest_route=\/wp\/v2\/types\/product"}],"replies":[{"embeddable":true,"href":"https:\/\/sezginpil.com\/index.php?rest_route=%2Fwp%2Fv2%2Fcomments&post=366"}],"wp:featuredmedia":[{"embeddable":true,"href":"https:\/\/sezginpil.com\/index.php?rest_route=\/wp\/v2\/media\/360"}],"wp:attachment":[{"href":"https:\/\/sezginpil.com\/index.php?rest_route=%2Fwp%2Fv2%2Fmedia&parent=366"}],"wp:term":[{"taxonomy":"product_brand","embeddable":true,"href":"https:\/\/sezginpil.com\/index.php?rest_route=%2Fwp%2Fv2%2Fproduct_brand&post=366"},{"taxonomy":"product_cat","embeddable":true,"href":"https:\/\/sezginpil.com\/index.php?rest_route=%2Fwp%2Fv2%2Fproduct_cat&post=366"},{"taxonomy":"product_tag","embeddable":true,"href":"https:\/\/sezginpil.com\/index.php?rest_route=%2Fwp%2Fv2%2Fproduct_tag&post=366"}],"curies":[{"name":"wp","href":"https:\/\/api.w.org\/{rel}","templated":true}]}}