{"id":365,"date":"2026-04-05T23:23:11","date_gmt":"2026-04-05T23:23:11","guid":{"rendered":"https:\/\/sezginpil.com\/?post_type=product&#038;p=365"},"modified":"2026-04-14T11:28:50","modified_gmt":"2026-04-14T11:28:50","slug":"samsung-25r","status":"publish","type":"product","link":"https:\/\/sezginpil.com\/?product=samsung-25r","title":{"rendered":"SAMSUNG 25R"},"content":{"rendered":"<h3 data-path-to-node=\"2\">Teknik \u00d6zellikler<\/h3>\n<table data-path-to-node=\"3\">\n<thead>\n<tr>\n<td><strong>\u00d6zellik<\/strong><\/td>\n<td><strong>De\u011fer \/ A\u00e7\u0131klama<\/strong><\/td>\n<\/tr>\n<\/thead>\n<tbody>\n<tr>\n<td><span data-path-to-node=\"3,1,0,0\"><b data-path-to-node=\"3,1,0,0\" data-index-in-node=\"0\">Kimya<\/b><\/span><\/td>\n<td><span data-path-to-node=\"3,1,1,0\">INR (Lityum Nikel Manganez Kobalt Oksit)<\/span><\/td>\n<\/tr>\n<tr>\n<td><span data-path-to-node=\"3,2,0,0\"><b data-path-to-node=\"3,2,0,0\" data-index-in-node=\"0\">Nominal Voltaj<\/b><\/span><\/td>\n<td><span data-path-to-node=\"3,2,1,0\"><span class=\"math-inline\" data-math=\"3.6V\" data-index-in-node=\"0\">$3.6V$<\/span><\/span><\/td>\n<\/tr>\n<tr>\n<td><span data-path-to-node=\"3,3,0,0\"><b data-path-to-node=\"3,3,0,0\" data-index-in-node=\"0\">Kapasite<\/b><\/span><\/td>\n<td><span data-path-to-node=\"3,3,1,0\"><span class=\"math-inline\" data-math=\"2500 mAh\" data-index-in-node=\"0\">$2500 mAh$<\/span><\/span><\/td>\n<\/tr>\n<tr>\n<td><span data-path-to-node=\"3,4,0,0\"><b data-path-to-node=\"3,4,0,0\" data-index-in-node=\"0\">S\u00fcrekli De\u015farj Ak\u0131m\u0131<\/b><\/span><\/td>\n<td><span data-path-to-node=\"3,4,1,0\"><span class=\"math-inline\" data-math=\"20A\" data-index-in-node=\"0\">$20A$<\/span><\/span><\/td>\n<\/tr>\n<tr>\n<td><span data-path-to-node=\"3,5,0,0\"><b data-path-to-node=\"3,5,0,0\" data-index-in-node=\"0\">Maksimum \u015earj Voltaj\u0131<\/b><\/span><\/td>\n<td><span data-path-to-node=\"3,5,1,0\"><span class=\"math-inline\" data-math=\"4.2V \\pm 0.05V\" data-index-in-node=\"0\">$4.2V \\pm 0.05V$<\/span><\/span><\/td>\n<\/tr>\n<tr>\n<td><span data-path-to-node=\"3,6,0,0\"><b data-path-to-node=\"3,6,0,0\" data-index-in-node=\"0\">De\u015farj Kesme Voltaj\u0131<\/b><\/span><\/td>\n<td><span data-path-to-node=\"3,6,1,0\"><span class=\"math-inline\" data-math=\"2.5V\" data-index-in-node=\"0\">$2.5V$<\/span><\/span><\/td>\n<\/tr>\n<tr>\n<td><span data-path-to-node=\"3,7,0,0\"><b data-path-to-node=\"3,7,0,0\" data-index-in-node=\"0\">Standart \u015earj Ak\u0131m\u0131<\/b><\/span><\/td>\n<td><span data-path-to-node=\"3,7,1,0\"><span class=\"math-inline\" data-math=\"1.25A\" data-index-in-node=\"0\">$1.25A$<\/span><\/span><\/td>\n<\/tr>\n<tr>\n<td><span data-path-to-node=\"3,8,0,0\"><b data-path-to-node=\"3,8,0,0\" data-index-in-node=\"0\">H\u0131zl\u0131 \u015earj Ak\u0131m\u0131<\/b><\/span><\/td>\n<td><span data-path-to-node=\"3,8,1,0\"><span class=\"math-inline\" data-math=\"4A\" data-index-in-node=\"0\">$4A$<\/span><\/span><\/td>\n<\/tr>\n<tr>\n<td><span data-path-to-node=\"3,9,0,0\"><b data-path-to-node=\"3,9,0,0\" data-index-in-node=\"0\">A\u011f\u0131rl\u0131k<\/b><\/span><\/td>\n<td><span data-path-to-node=\"3,9,1,0\">Maksimum <span class=\"math-inline\" data-math=\"45g\" data-index-in-node=\"9\">$45g$<\/span><\/span><\/td>\n<\/tr>\n<tr>\n<td><span data-path-to-node=\"3,10,0,0\"><b data-path-to-node=\"3,10,0,0\" data-index-in-node=\"0\">D\u00f6ng\u00fc \u00d6mr\u00fc<\/b><\/span><\/td>\n<td><span data-path-to-node=\"3,10,1,0\">250 tam d\u00f6ng\u00fc sonras\u0131 kapasite %60+ (20A de\u015farjda)<\/span><\/td>\n<\/tr>\n<\/tbody>\n<\/table>\n<h3 data-path-to-node=\"2\">Kullan\u0131m Alanlar\u0131:<\/h3>\n<ul>\n<li>\n<p data-path-to-node=\"10,0,0\"><b data-path-to-node=\"10,0,0\" data-index-in-node=\"0\">Elektrikli El Aletleri:<\/b> Ak\u00fcl\u00fc matkap, vidalama ve avu\u00e7 ta\u015flama gibi anl\u0131k y\u00fck binen cihazlar\u0131n batarya paketlerinde (repack) en \u00e7ok tercih edilen h\u00fccredir.<\/p>\n<\/li>\n<li>\n<p data-path-to-node=\"10,1,0\"><b data-path-to-node=\"10,1,0\" data-index-in-node=\"0\">Vaping (Elektronik Sigara):<\/b> 20A ak\u0131m s\u0131n\u0131r\u0131 sayesinde orta ve y\u00fcksek g\u00fc\u00e7teki mod cihazlarda g\u00fcvenle kullan\u0131l\u0131r.<\/p>\n<\/li>\n<li>\n<p data-path-to-node=\"10,2,0\"><b data-path-to-node=\"10,2,0\" data-index-in-node=\"0\">Elektrikli Ula\u015f\u0131m:<\/b> Elektrikli bisiklet (e-bike), scooter ve kaykay batarya paketleri.<\/p>\n<\/li>\n<li>\n<p data-path-to-node=\"10,3,0\"><b data-path-to-node=\"10,3,0\" data-index-in-node=\"0\">Hobi \/ RC:<\/b> Y\u00fcksek performansl\u0131 el fenerleri ve baz\u0131 RC (radyo kontroll\u00fc) ara\u00e7 bataryalar\u0131.<\/p>\n<\/li>\n<li>\n<p data-path-to-node=\"10,4,0\"><b data-path-to-node=\"10,4,0\" data-index-in-node=\"0\">Ta\u015f\u0131nabilir G\u00fc\u00e7 \u00dcniteleri:<\/b> DIY Powerbank projeleri ve ta\u015f\u0131nabilir hoparl\u00f6r sistemleri.<\/p>\n<\/li>\n<\/ul>\n","protected":false},"excerpt":{"rendered":"<p>Teknik \u00d6zellikler \u00d6zellik De\u011fer \/ A\u00e7\u0131klama Kimya INR (Lityum Nikel Manganez Kobalt Oksit) Nominal Voltaj $3.6V$ Kapasite $2500 mAh$ S\u00fcrekli [&hellip;]<\/p>\n","protected":false},"featured_media":359,"comment_status":"open","ping_status":"closed","template":"","meta":{"site-sidebar-layout":"default","site-content-layout":"","ast-site-content-layout":"default","site-content-style":"default","site-sidebar-style":"default","ast-global-header-display":"","ast-banner-title-visibility":"","ast-main-header-display":"","ast-hfb-above-header-display":"","ast-hfb-below-header-display":"","ast-hfb-mobile-header-display":"","site-post-title":"","ast-breadcrumbs-content":"","ast-featured-img":"","footer-sml-layout":"","ast-disable-related-posts":"","theme-transparent-header-meta":"default","adv-header-id-meta":"","stick-header-meta":"","header-above-stick-meta":"","header-main-stick-meta":"","header-below-stick-meta":"","astra-migrate-meta-layouts":"set","ast-page-background-enabled":"default","ast-page-background-meta":{"desktop":{"background-color":"var(--ast-global-color-5)","background-image":"","background-repeat":"repeat","background-position":"center center","background-size":"auto","background-attachment":"scroll","background-type":"","background-media":"","overlay-type":"","overlay-color":"","overlay-opacity":"","overlay-gradient":""},"tablet":{"background-color":"","background-image":"","background-repeat":"repeat","background-position":"center center","background-size":"auto","background-attachment":"scroll","background-type":"","background-media":"","overlay-type":"","overlay-color":"","overlay-opacity":"","overlay-gradient":""},"mobile":{"background-color":"","background-image":"","background-repeat":"repeat","background-position":"center center","background-size":"auto","background-attachment":"scroll","background-type":"","background-media":"","overlay-type":"","overlay-color":"","overlay-opacity":"","overlay-gradient":""}},"ast-content-background-meta":{"desktop":{"background-color":"var(--ast-global-color-4)","background-image":"","background-repeat":"repeat","background-position":"center center","background-size":"auto","background-attachment":"scroll","background-type":"","background-media":"","overlay-type":"","overlay-color":"","overlay-opacity":"","overlay-gradient":""},"tablet":{"background-color":"var(--ast-global-color-4)","background-image":"","background-repeat":"repeat","background-position":"center center","background-size":"auto","background-attachment":"scroll","background-type":"","background-media":"","overlay-type":"","overlay-color":"","overlay-opacity":"","overlay-gradient":""},"mobile":{"background-color":"var(--ast-global-color-4)","background-image":"","background-repeat":"repeat","background-position":"center center","background-size":"auto","background-attachment":"scroll","background-type":"","background-media":"","overlay-type":"","overlay-color":"","overlay-opacity":"","overlay-gradient":""}}},"product_brand":[44],"product_cat":[99,100],"product_tag":[81,101],"class_list":{"0":"post-365","1":"product","2":"type-product","3":"status-publish","4":"has-post-thumbnail","6":"product_brand-samsung","7":"product_cat-samsung","8":"product_cat-samsung-25r","9":"product_tag-pil","10":"product_tag-samsung","11":"desktop-align-left","12":"tablet-align-left","13":"mobile-align-left","15":"first","16":"instock","17":"shipping-taxable","18":"purchasable","19":"product-type-simple"},"aioseo_notices":[],"_links":{"self":[{"href":"https:\/\/sezginpil.com\/index.php?rest_route=\/wp\/v2\/product\/365","targetHints":{"allow":["GET"]}}],"collection":[{"href":"https:\/\/sezginpil.com\/index.php?rest_route=\/wp\/v2\/product"}],"about":[{"href":"https:\/\/sezginpil.com\/index.php?rest_route=\/wp\/v2\/types\/product"}],"replies":[{"embeddable":true,"href":"https:\/\/sezginpil.com\/index.php?rest_route=%2Fwp%2Fv2%2Fcomments&post=365"}],"wp:featuredmedia":[{"embeddable":true,"href":"https:\/\/sezginpil.com\/index.php?rest_route=\/wp\/v2\/media\/359"}],"wp:attachment":[{"href":"https:\/\/sezginpil.com\/index.php?rest_route=%2Fwp%2Fv2%2Fmedia&parent=365"}],"wp:term":[{"taxonomy":"product_brand","embeddable":true,"href":"https:\/\/sezginpil.com\/index.php?rest_route=%2Fwp%2Fv2%2Fproduct_brand&post=365"},{"taxonomy":"product_cat","embeddable":true,"href":"https:\/\/sezginpil.com\/index.php?rest_route=%2Fwp%2Fv2%2Fproduct_cat&post=365"},{"taxonomy":"product_tag","embeddable":true,"href":"https:\/\/sezginpil.com\/index.php?rest_route=%2Fwp%2Fv2%2Fproduct_tag&post=365"}],"curies":[{"name":"wp","href":"https:\/\/api.w.org\/{rel}","templated":true}]}}