{"id":364,"date":"2026-04-05T23:16:10","date_gmt":"2026-04-05T23:16:10","guid":{"rendered":"https:\/\/sezginpil.com\/?post_type=product&#038;p=364"},"modified":"2026-04-14T11:29:59","modified_gmt":"2026-04-14T11:29:59","slug":"dyson-20700-inr","status":"publish","type":"product","link":"https:\/\/sezginpil.com\/?product=dyson-20700-inr","title":{"rendered":"Dyson 20700-INR"},"content":{"rendered":"<h3 data-path-to-node=\"1\">Teknik \u00d6zellikler (INR-20700A)<\/h3>\n<table data-path-to-node=\"2\">\n<thead>\n<tr>\n<td><strong>\u00d6zellik<\/strong><\/td>\n<td><strong>De\u011fer \/ A\u00e7\u0131klama<\/strong><\/td>\n<\/tr>\n<\/thead>\n<tbody>\n<tr>\n<td><span data-path-to-node=\"2,1,0,0\"><b data-path-to-node=\"2,1,0,0\" data-index-in-node=\"0\">Kimya<\/b><\/span><\/td>\n<td><span data-path-to-node=\"2,1,1,0\">Li-ion (INR &#8211; Lityum Nikel Manganez Kobalt Oksit)<\/span><\/td>\n<\/tr>\n<tr>\n<td><span data-path-to-node=\"2,2,0,0\"><b data-path-to-node=\"2,2,0,0\" data-index-in-node=\"0\">Nominal Voltaj<\/b><\/span><\/td>\n<td><span data-path-to-node=\"2,2,1,0\"><span class=\"math-inline\" data-math=\"3.6V\" data-index-in-node=\"0\">3.6V<\/span>\u00a0&#8211; <span class=\"math-inline\" data-math=\"3.7V\" data-index-in-node=\"7\">3.7V<\/span><\/span><\/td>\n<\/tr>\n<tr>\n<td><span data-path-to-node=\"2,3,0,0\"><b data-path-to-node=\"2,3,0,0\" data-index-in-node=\"0\">Kapasite<\/b><\/span><\/td>\n<td><span data-path-to-node=\"2,3,1,0\"><span class=\"math-inline\" data-math=\"2800 mAh\" data-index-in-node=\"0\">2800 mAh<\/span>&#8211; <span class=\"math-inline\" data-math=\"3000 mAh\" data-index-in-node=\"11\">3000 mAh<\/span>\u00a0(Tipik)<\/span><\/td>\n<\/tr>\n<tr>\n<td><span data-path-to-node=\"2,4,0,0\"><b data-path-to-node=\"2,4,0,0\" data-index-in-node=\"0\">S\u00fcrekli De\u015farj Ak\u0131m\u0131<\/b><\/span><\/td>\n<td><span data-path-to-node=\"2,4,1,0\"><span class=\"math-inline\" data-math=\"30A\" data-index-in-node=\"0\">30A<\/span>\u00a0&#8211; <span class=\"math-inline\" data-math=\"35A\" data-index-in-node=\"6\">35A<\/span>\u00a0(Y\u00fcksek performans)<\/span><\/td>\n<\/tr>\n<tr>\n<td><span data-path-to-node=\"2,5,0,0\"><b data-path-to-node=\"2,5,0,0\" data-index-in-node=\"0\">Maksimum De\u015farj (Anl\u0131k)<\/b><\/span><\/td>\n<td><span data-path-to-node=\"2,5,1,0\"><span class=\"math-inline\" data-math=\"45A\" data-index-in-node=\"0\">45A<\/span>(K\u0131sa s\u00fcreli pulse)<\/span><\/td>\n<\/tr>\n<tr>\n<td><span data-path-to-node=\"2,6,0,0\"><b data-path-to-node=\"2,6,0,0\" data-index-in-node=\"0\">\u015earj Voltaj\u0131<\/b><\/span><\/td>\n<td><span data-path-to-node=\"2,6,1,0\"><span class=\"math-inline\" data-math=\"4.2V\" data-index-in-node=\"0\">4.2V<\/span><\/span><\/td>\n<\/tr>\n<tr>\n<td><span data-path-to-node=\"2,7,0,0\"><b data-path-to-node=\"2,7,0,0\" data-index-in-node=\"0\">Boyutlar<\/b><\/span><\/td>\n<td><span data-path-to-node=\"2,7,1,0\"><span class=\"math-inline\" data-math=\"20mm\" data-index-in-node=\"0\">$20mm$<\/span> \u00e7ap, <span class=\"math-inline\" data-math=\"70mm\" data-index-in-node=\"10\">$70mm$<\/span> uzunluk<\/span><\/td>\n<\/tr>\n<tr>\n<td><span data-path-to-node=\"2,8,0,0\"><b data-path-to-node=\"2,8,0,0\" data-index-in-node=\"0\">\u0130\u00e7 Diren\u00e7<\/b><\/span><\/td>\n<td><span data-path-to-node=\"2,8,1,0\"><span class=\"math-inline\" data-math=\"&lt;20 m\\Omega\" data-index-in-node=\"0\">$&lt;20 m\\Omega$<\/span> (\u00c7ok d\u00fc\u015f\u00fck diren\u00e7, az \u0131s\u0131nma)<\/span><\/td>\n<\/tr>\n<\/tbody>\n<\/table>\n<h3 data-path-to-node=\"1\">Kullan\u0131m Alanlar\u0131:<\/h3>\n<ul>\n<li>\n<p data-path-to-node=\"9,0,0\"><b data-path-to-node=\"9,0,0\" data-index-in-node=\"0\">Dyson Kablosuz S\u00fcp\u00fcrgeler:<\/b> Ba\u015fl\u0131ca kullan\u0131m alan\u0131 <b data-path-to-node=\"9,0,0\" data-index-in-node=\"50\">Dyson V10 (Cyclone)<\/b> serisidir. Batarya paketinin i\u00e7inde bu h\u00fccrelerden 7 adet seri (7S) olarak bulunur.<\/p>\n<\/li>\n<li>\n<p data-path-to-node=\"9,1,0\"><b data-path-to-node=\"9,1,0\" data-index-in-node=\"0\">Y\u00fcksek G\u00fc\u00e7l\u00fc El Aletleri:<\/b> Matkaplar, ta\u015flamalar ve dairesel testereler gibi anl\u0131k tork ve y\u00fcksek ak\u0131m isteyen cihazlar\u0131n batarya paketlerini yenilemede (repack) kullan\u0131l\u0131r.<\/p>\n<\/li>\n<li>\n<p data-path-to-node=\"9,2,0\"><b data-path-to-node=\"9,2,0\" data-index-in-node=\"0\">Elektrikli Ula\u015f\u0131m:<\/b> Elektrikli kaykaylar (skateboard), scooterlar ve \u00f6zelle\u015ftirilmi\u015f e-bisiklet bataryalar\u0131.<\/p>\n<\/li>\n<\/ul>\n","protected":false},"excerpt":{"rendered":"<p>Teknik \u00d6zellikler (INR-20700A) \u00d6zellik De\u011fer \/ A\u00e7\u0131klama Kimya Li-ion (INR &#8211; Lityum Nikel Manganez Kobalt Oksit) Nominal Voltaj 3.6V\u00a0&#8211; 3.7V [&hellip;]<\/p>\n","protected":false},"featured_media":353,"comment_status":"open","ping_status":"closed","template":"","meta":{"site-sidebar-layout":"default","site-content-layout":"","ast-site-content-layout":"default","site-content-style":"default","site-sidebar-style":"default","ast-global-header-display":"","ast-banner-title-visibility":"","ast-main-header-display":"","ast-hfb-above-header-display":"","ast-hfb-below-header-display":"","ast-hfb-mobile-header-display":"","site-post-title":"","ast-breadcrumbs-content":"","ast-featured-img":"","footer-sml-layout":"","ast-disable-related-posts":"","theme-transparent-header-meta":"default","adv-header-id-meta":"","stick-header-meta":"","header-above-stick-meta":"","header-main-stick-meta":"","header-below-stick-meta":"","astra-migrate-meta-layouts":"set","ast-page-background-enabled":"default","ast-page-background-meta":{"desktop":{"background-color":"var(--ast-global-color-5)","background-image":"","background-repeat":"repeat","background-position":"center center","background-size":"auto","background-attachment":"scroll","background-type":"","background-media":"","overlay-type":"","overlay-color":"","overlay-opacity":"","overlay-gradient":""},"tablet":{"background-color":"","background-image":"","background-repeat":"repeat","background-position":"center center","background-size":"auto","background-attachment":"scroll","background-type":"","background-media":"","overlay-type":"","overlay-color":"","overlay-opacity":"","overlay-gradient":""},"mobile":{"background-color":"","background-image":"","background-repeat":"repeat","background-position":"center center","background-size":"auto","background-attachment":"scroll","background-type":"","background-media":"","overlay-type":"","overlay-color":"","overlay-opacity":"","overlay-gradient":""}},"ast-content-background-meta":{"desktop":{"background-color":"var(--ast-global-color-4)","background-image":"","background-repeat":"repeat","background-position":"center center","background-size":"auto","background-attachment":"scroll","background-type":"","background-media":"","overlay-type":"","overlay-color":"","overlay-opacity":"","overlay-gradient":""},"tablet":{"background-color":"var(--ast-global-color-4)","background-image":"","background-repeat":"repeat","background-position":"center center","background-size":"auto","background-attachment":"scroll","background-type":"","background-media":"","overlay-type":"","overlay-color":"","overlay-opacity":"","overlay-gradient":""},"mobile":{"background-color":"var(--ast-global-color-4)","background-image":"","background-repeat":"repeat","background-position":"center center","background-size":"auto","background-attachment":"scroll","background-type":"","background-media":"","overlay-type":"","overlay-color":"","overlay-opacity":"","overlay-gradient":""}}},"product_brand":[60,55],"product_cat":[96],"product_tag":[98,97,81],"class_list":{"0":"post-364","1":"product","2":"type-product","3":"status-publish","4":"has-post-thumbnail","6":"product_brand-dyson","7":"product_brand-dyson-20700-a","8":"product_cat-dyson-20700","9":"product_tag-98","10":"product_tag-dyson","11":"product_tag-pil","12":"desktop-align-left","13":"tablet-align-left","14":"mobile-align-left","16":"first","17":"instock","18":"shipping-taxable","19":"purchasable","20":"product-type-simple"},"aioseo_notices":[],"_links":{"self":[{"href":"https:\/\/sezginpil.com\/index.php?rest_route=\/wp\/v2\/product\/364","targetHints":{"allow":["GET"]}}],"collection":[{"href":"https:\/\/sezginpil.com\/index.php?rest_route=\/wp\/v2\/product"}],"about":[{"href":"https:\/\/sezginpil.com\/index.php?rest_route=\/wp\/v2\/types\/product"}],"replies":[{"embeddable":true,"href":"https:\/\/sezginpil.com\/index.php?rest_route=%2Fwp%2Fv2%2Fcomments&post=364"}],"wp:featuredmedia":[{"embeddable":true,"href":"https:\/\/sezginpil.com\/index.php?rest_route=\/wp\/v2\/media\/353"}],"wp:attachment":[{"href":"https:\/\/sezginpil.com\/index.php?rest_route=%2Fwp%2Fv2%2Fmedia&parent=364"}],"wp:term":[{"taxonomy":"product_brand","embeddable":true,"href":"https:\/\/sezginpil.com\/index.php?rest_route=%2Fwp%2Fv2%2Fproduct_brand&post=364"},{"taxonomy":"product_cat","embeddable":true,"href":"https:\/\/sezginpil.com\/index.php?rest_route=%2Fwp%2Fv2%2Fproduct_cat&post=364"},{"taxonomy":"product_tag","embeddable":true,"href":"https:\/\/sezginpil.com\/index.php?rest_route=%2Fwp%2Fv2%2Fproduct_tag&post=364"}],"curies":[{"name":"wp","href":"https:\/\/api.w.org\/{rel}","templated":true}]}}