{"id":344,"date":"2026-04-05T21:39:48","date_gmt":"2026-04-05T21:39:48","guid":{"rendered":"https:\/\/sezginpil.com\/?post_type=product&#038;p=344"},"modified":"2026-04-14T11:31:10","modified_gmt":"2026-04-14T11:31:10","slug":"a123-26650-m1b-anr","status":"publish","type":"product","link":"https:\/\/sezginpil.com\/?product=a123-26650-m1b-anr","title":{"rendered":"A123 &#8211; 26650 M1B &#8211; ANR"},"content":{"rendered":"<h3 data-path-to-node=\"2\">Teknik \u00d6zellikler<\/h3>\n<table data-path-to-node=\"3\">\n<thead>\n<tr>\n<td><strong>\u00d6zellik<\/strong><\/td>\n<td><strong>De\u011fer \/ A\u00e7\u0131klama<\/strong><\/td>\n<\/tr>\n<\/thead>\n<tbody>\n<tr>\n<td><span data-path-to-node=\"3,1,0,0\"><b data-path-to-node=\"3,1,0,0\" data-index-in-node=\"0\">Kimya<\/b><\/span><\/td>\n<td><span data-path-to-node=\"3,1,1,0\">Nanophosphate\u00ae Lityum Demir Fosfat (<span class=\"math-inline\" data-math=\"LiFePO_4\" data-index-in-node=\"36\">LiFePO4<\/span>)<\/span><\/td>\n<\/tr>\n<tr>\n<td><span data-path-to-node=\"3,2,0,0\"><b data-path-to-node=\"3,2,0,0\" data-index-in-node=\"0\">Nominal Voltaj<\/b><\/span><\/td>\n<td><span data-path-to-node=\"3,2,1,0\"><span class=\"math-inline\" data-math=\"3.3V\" data-index-in-node=\"0\">3.3V<\/span><\/span><\/td>\n<\/tr>\n<tr>\n<td><span data-path-to-node=\"3,3,0,0\"><b data-path-to-node=\"3,3,0,0\" data-index-in-node=\"0\">Kapasite (Nominal)<\/b><\/span><\/td>\n<td><span data-path-to-node=\"3,3,1,0\"><span class=\"math-inline\" data-math=\"2.5 Ah (2500 mAh)\" data-index-in-node=\"0\">2500 mAh<\/span><\/span><\/td>\n<\/tr>\n<tr>\n<td><span data-path-to-node=\"3,4,0,0\"><b data-path-to-node=\"3,4,0,0\" data-index-in-node=\"0\">Maksimum S\u00fcrekli De\u015farj<\/b><\/span><\/td>\n<td><span data-path-to-node=\"3,4,1,0\"><span class=\"math-inline\" data-math=\"50A\" data-index-in-node=\"0\">50A<\/span>\u00a0(Y\u00fcksek g\u00fc\u00e7 \u00e7\u0131k\u0131\u015f\u0131)<\/span><\/td>\n<\/tr>\n<tr>\n<td><span data-path-to-node=\"3,5,0,0\"><b data-path-to-node=\"3,5,0,0\" data-index-in-node=\"0\">Anl\u0131k De\u015farj (10 sn)<\/b><\/span><\/td>\n<td><span data-path-to-node=\"3,5,1,0\"><span class=\"math-inline\" data-math=\"120A\" data-index-in-node=\"0\">120A<\/span><\/span><\/td>\n<\/tr>\n<tr>\n<td><span data-path-to-node=\"3,6,0,0\"><b data-path-to-node=\"3,6,0,0\" data-index-in-node=\"0\">\u015earj Voltaj\u0131<\/b><\/span><\/td>\n<td><span data-path-to-node=\"3,6,1,0\"><span class=\"math-inline\" data-math=\"3.6V\" data-index-in-node=\"0\">3.6V<\/span><\/span><\/td>\n<\/tr>\n<tr>\n<td><span data-path-to-node=\"3,7,0,0\"><b data-path-to-node=\"3,7,0,0\" data-index-in-node=\"0\">H\u00fccre Boyutu<\/b><\/span><\/td>\n<td><span data-path-to-node=\"3,7,1,0\">26mm \u00e7ap, 65mm uzunluk<\/span><\/td>\n<\/tr>\n<tr>\n<td><span data-path-to-node=\"3,8,0,0\"><b data-path-to-node=\"3,8,0,0\" data-index-in-node=\"0\">A\u011f\u0131rl\u0131k<\/b><\/span><\/td>\n<td><span data-path-to-node=\"3,8,1,0\">Yakla\u015f\u0131k <span class=\"math-inline\" data-math=\"76g\" data-index-in-node=\"9\">$76g$<\/span><\/span><\/td>\n<\/tr>\n<tr>\n<td><span data-path-to-node=\"3,9,0,0\"><b data-path-to-node=\"3,9,0,0\" data-index-in-node=\"0\">D\u00f6ng\u00fc \u00d6mr\u00fc<\/b><\/span><\/td>\n<td><span data-path-to-node=\"3,9,1,0\">%100 DOD&#8217;da 1000+ d\u00f6ng\u00fc (Uygun \u015fartlarda 2000+)<\/span><\/td>\n<\/tr>\n<\/tbody>\n<\/table>\n<h3 data-path-to-node=\"8\">Kullan\u0131m Alanlar\u0131<\/h3>\n<p data-path-to-node=\"9\">Y\u00fcksek ak\u0131m \u00e7ekilmesi gereken ve g\u00fcvenli\u011fin \u00f6n planda oldu\u011fu her yerde kar\u015f\u0131m\u0131za \u00e7\u0131kar.<\/p>\n<ul>\n<li>\n<p data-path-to-node=\"10,2,0\"><b data-path-to-node=\"10,2,0\" data-index-in-node=\"0\">Hafif Elektrikli Ara\u00e7lar (LEV):<\/b> Elektrikli bisikletler, scooterlar ve go-kartlar.<\/p>\n<\/li>\n<li>\n<p data-path-to-node=\"10,3,0\"><b data-path-to-node=\"10,3,0\" data-index-in-node=\"0\">Enerji Depolama Sistemleri (ESS):<\/b> G\u00fcne\u015f paneli sistemleri i\u00e7in uzun \u00f6m\u00fcrl\u00fc batarya bloklar\u0131.<\/p>\n<\/li>\n<li>\n<p data-path-to-node=\"10,4,0\"><b data-path-to-node=\"10,4,0\" data-index-in-node=\"0\">T\u0131bbi Cihazlar:<\/b> Ta\u015f\u0131nabilir oksijen konsantrat\u00f6rleri ve y\u00fcksek g\u00fcvenilirlik gerektiren hastane ekipmanlar\u0131.<\/p>\n<\/li>\n<\/ul>\n","protected":false},"excerpt":{"rendered":"<p>Teknik \u00d6zellikler \u00d6zellik De\u011fer \/ A\u00e7\u0131klama Kimya Nanophosphate\u00ae Lityum Demir Fosfat (LiFePO4) Nominal Voltaj 3.3V Kapasite (Nominal) 2500 mAh Maksimum [&hellip;]<\/p>\n","protected":false},"featured_media":348,"comment_status":"open","ping_status":"closed","template":"","meta":{"site-sidebar-layout":"default","site-content-layout":"","ast-site-content-layout":"default","site-content-style":"default","site-sidebar-style":"default","ast-global-header-display":"","ast-banner-title-visibility":"","ast-main-header-display":"","ast-hfb-above-header-display":"","ast-hfb-below-header-display":"","ast-hfb-mobile-header-display":"","site-post-title":"","ast-breadcrumbs-content":"","ast-featured-img":"","footer-sml-layout":"","ast-disable-related-posts":"","theme-transparent-header-meta":"default","adv-header-id-meta":"","stick-header-meta":"","header-above-stick-meta":"","header-main-stick-meta":"","header-below-stick-meta":"","astra-migrate-meta-layouts":"set","ast-page-background-enabled":"default","ast-page-background-meta":{"desktop":{"background-color":"var(--ast-global-color-5)","background-image":"","background-repeat":"repeat","background-position":"center center","background-size":"auto","background-attachment":"scroll","background-type":"","background-media":"","overlay-type":"","overlay-color":"","overlay-opacity":"","overlay-gradient":""},"tablet":{"background-color":"","background-image":"","background-repeat":"repeat","background-position":"center center","background-size":"auto","background-attachment":"scroll","background-type":"","background-media":"","overlay-type":"","overlay-color":"","overlay-opacity":"","overlay-gradient":""},"mobile":{"background-color":"","background-image":"","background-repeat":"repeat","background-position":"center center","background-size":"auto","background-attachment":"scroll","background-type":"","background-media":"","overlay-type":"","overlay-color":"","overlay-opacity":"","overlay-gradient":""}},"ast-content-background-meta":{"desktop":{"background-color":"var(--ast-global-color-4)","background-image":"","background-repeat":"repeat","background-position":"center center","background-size":"auto","background-attachment":"scroll","background-type":"","background-media":"","overlay-type":"","overlay-color":"","overlay-opacity":"","overlay-gradient":""},"tablet":{"background-color":"var(--ast-global-color-4)","background-image":"","background-repeat":"repeat","background-position":"center center","background-size":"auto","background-attachment":"scroll","background-type":"","background-media":"","overlay-type":"","overlay-color":"","overlay-opacity":"","overlay-gradient":""},"mobile":{"background-color":"var(--ast-global-color-4)","background-image":"","background-repeat":"repeat","background-position":"center center","background-size":"auto","background-attachment":"scroll","background-type":"","background-media":"","overlay-type":"","overlay-color":"","overlay-opacity":"","overlay-gradient":""}}},"product_brand":[],"product_cat":[94,93],"product_tag":[95,36,81],"class_list":{"0":"post-344","1":"product","2":"type-product","3":"status-publish","4":"has-post-thumbnail","6":"product_cat-a123-26650","7":"product_cat-lifepo4","8":"product_tag-95","9":"product_tag-lifepo4","10":"product_tag-pil","11":"desktop-align-left","12":"tablet-align-left","13":"mobile-align-left","15":"first","16":"instock","17":"shipping-taxable","18":"purchasable","19":"product-type-simple"},"aioseo_notices":[],"_links":{"self":[{"href":"https:\/\/sezginpil.com\/index.php?rest_route=\/wp\/v2\/product\/344","targetHints":{"allow":["GET"]}}],"collection":[{"href":"https:\/\/sezginpil.com\/index.php?rest_route=\/wp\/v2\/product"}],"about":[{"href":"https:\/\/sezginpil.com\/index.php?rest_route=\/wp\/v2\/types\/product"}],"replies":[{"embeddable":true,"href":"https:\/\/sezginpil.com\/index.php?rest_route=%2Fwp%2Fv2%2Fcomments&post=344"}],"wp:featuredmedia":[{"embeddable":true,"href":"https:\/\/sezginpil.com\/index.php?rest_route=\/wp\/v2\/media\/348"}],"wp:attachment":[{"href":"https:\/\/sezginpil.com\/index.php?rest_route=%2Fwp%2Fv2%2Fmedia&parent=344"}],"wp:term":[{"taxonomy":"product_brand","embeddable":true,"href":"https:\/\/sezginpil.com\/index.php?rest_route=%2Fwp%2Fv2%2Fproduct_brand&post=344"},{"taxonomy":"product_cat","embeddable":true,"href":"https:\/\/sezginpil.com\/index.php?rest_route=%2Fwp%2Fv2%2Fproduct_cat&post=344"},{"taxonomy":"product_tag","embeddable":true,"href":"https:\/\/sezginpil.com\/index.php?rest_route=%2Fwp%2Fv2%2Fproduct_tag&post=344"}],"curies":[{"name":"wp","href":"https:\/\/api.w.org\/{rel}","templated":true}]}}