{"id":320,"date":"2026-04-04T21:52:44","date_gmt":"2026-04-04T21:52:44","guid":{"rendered":"https:\/\/sezginpil.com\/?post_type=product&#038;p=320"},"modified":"2026-04-16T23:34:23","modified_gmt":"2026-04-16T23:34:23","slug":"21700-pil-tutucu-baret","status":"publish","type":"product","link":"https:\/\/sezginpil.com\/?product=21700-pil-tutucu-baret","title":{"rendered":"21700 2&#8217;li Baret (Tekli)"},"content":{"rendered":"<h3>21700 Pil tutucu baret ( 2 pil i\u00e7in ) tekli<\/h3>\n<h1 data-section-id=\"1fs5tqz\" data-start=\"1046\" data-end=\"1068\">Temel \u00d6zellikleri<\/h1>\n<ul data-start=\"1069\" data-end=\"1430\">\n<li data-section-id=\"o2l2gg\" data-start=\"1069\" data-end=\"1126\">\u00a0Pilleri <strong data-start=\"1082\" data-end=\"1117\">lehimlemeden tak-\u00e7\u0131kar kullan\u0131m<\/strong> sa\u011flar<\/li>\n<li data-section-id=\"15lrcvo\" data-start=\"1127\" data-end=\"1178\"><strong data-start=\"1131\" data-end=\"1170\">G\u00fcvenli ve stabil elektriksel temas<\/strong> sunar<\/li>\n<li data-section-id=\"1dmkcic\" data-start=\"1179\" data-end=\"1237\"><strong data-start=\"1184\" data-end=\"1222\">Seri veya paralel ba\u011flant\u0131ya uygun<\/strong> mod\u00fcler yap\u0131<\/li>\n<li data-section-id=\"1o6i934\" data-start=\"1238\" data-end=\"1309\">\u00a0Pilleri sabit tutarak <strong data-start=\"1266\" data-end=\"1307\">titre\u015fim ve temas sorunlar\u0131n\u0131 azalt\u0131r<\/strong><\/li>\n<li data-section-id=\"p4j60f\" data-start=\"1310\" data-end=\"1361\">\u00a0Kolay montaj (prototip ve \u00fcretim i\u00e7in ideal)<\/li>\n<li data-section-id=\"dkciod\" data-start=\"1362\" data-end=\"1430\">\u00a0Pillerin s\u00f6k\u00fcl\u00fcp tak\u0131lmas\u0131 sayesinde <strong data-start=\"1404\" data-end=\"1428\">uzun \u00f6m\u00fcrl\u00fc kullan\u0131m<\/strong><\/li>\n<\/ul>\n","protected":false},"excerpt":{"rendered":"<p>21700 Pil tutucu baret ( 2 pil i\u00e7in ) tekli Temel \u00d6zellikleri \u00a0Pilleri lehimlemeden tak-\u00e7\u0131kar kullan\u0131m sa\u011flar G\u00fcvenli ve stabil [&hellip;]<\/p>\n","protected":false},"featured_media":483,"comment_status":"open","ping_status":"closed","template":"","meta":{"site-sidebar-layout":"default","site-content-layout":"","ast-site-content-layout":"default","site-content-style":"default","site-sidebar-style":"default","ast-global-header-display":"","ast-banner-title-visibility":"","ast-main-header-display":"","ast-hfb-above-header-display":"","ast-hfb-below-header-display":"","ast-hfb-mobile-header-display":"","site-post-title":"","ast-breadcrumbs-content":"","ast-featured-img":"","footer-sml-layout":"","ast-disable-related-posts":"","theme-transparent-header-meta":"default","adv-header-id-meta":"","stick-header-meta":"","header-above-stick-meta":"","header-main-stick-meta":"","header-below-stick-meta":"","astra-migrate-meta-layouts":"set","ast-page-background-enabled":"default","ast-page-background-meta":{"desktop":{"background-color":"var(--ast-global-color-5)","background-image":"","background-repeat":"repeat","background-position":"center center","background-size":"auto","background-attachment":"scroll","background-type":"","background-media":"","overlay-type":"","overlay-color":"","overlay-opacity":"","overlay-gradient":""},"tablet":{"background-color":"","background-image":"","background-repeat":"repeat","background-position":"center center","background-size":"auto","background-attachment":"scroll","background-type":"","background-media":"","overlay-type":"","overlay-color":"","overlay-opacity":"","overlay-gradient":""},"mobile":{"background-color":"","background-image":"","background-repeat":"repeat","background-position":"center center","background-size":"auto","background-attachment":"scroll","background-type":"","background-media":"","overlay-type":"","overlay-color":"","overlay-opacity":"","overlay-gradient":""}},"ast-content-background-meta":{"desktop":{"background-color":"var(--ast-global-color-4)","background-image":"","background-repeat":"repeat","background-position":"center center","background-size":"auto","background-attachment":"scroll","background-type":"","background-media":"","overlay-type":"","overlay-color":"","overlay-opacity":"","overlay-gradient":""},"tablet":{"background-color":"var(--ast-global-color-4)","background-image":"","background-repeat":"repeat","background-position":"center center","background-size":"auto","background-attachment":"scroll","background-type":"","background-media":"","overlay-type":"","overlay-color":"","overlay-opacity":"","overlay-gradient":""},"mobile":{"background-color":"var(--ast-global-color-4)","background-image":"","background-repeat":"repeat","background-position":"center center","background-size":"auto","background-attachment":"scroll","background-type":"","background-media":"","overlay-type":"","overlay-color":"","overlay-opacity":"","overlay-gradient":""}}},"product_brand":[],"product_cat":[85],"product_tag":[86,79,81],"class_list":{"0":"post-320","1":"product","2":"type-product","3":"status-publish","4":"has-post-thumbnail","6":"product_cat-21700-2li-baret","7":"product_tag-86","8":"product_tag-baret","9":"product_tag-pil","10":"desktop-align-left","11":"tablet-align-left","12":"mobile-align-left","14":"first","15":"instock","16":"shipping-taxable","17":"purchasable","18":"product-type-simple"},"aioseo_notices":[],"_links":{"self":[{"href":"https:\/\/sezginpil.com\/index.php?rest_route=\/wp\/v2\/product\/320","targetHints":{"allow":["GET"]}}],"collection":[{"href":"https:\/\/sezginpil.com\/index.php?rest_route=\/wp\/v2\/product"}],"about":[{"href":"https:\/\/sezginpil.com\/index.php?rest_route=\/wp\/v2\/types\/product"}],"replies":[{"embeddable":true,"href":"https:\/\/sezginpil.com\/index.php?rest_route=%2Fwp%2Fv2%2Fcomments&post=320"}],"wp:featuredmedia":[{"embeddable":true,"href":"https:\/\/sezginpil.com\/index.php?rest_route=\/wp\/v2\/media\/483"}],"wp:attachment":[{"href":"https:\/\/sezginpil.com\/index.php?rest_route=%2Fwp%2Fv2%2Fmedia&parent=320"}],"wp:term":[{"taxonomy":"product_brand","embeddable":true,"href":"https:\/\/sezginpil.com\/index.php?rest_route=%2Fwp%2Fv2%2Fproduct_brand&post=320"},{"taxonomy":"product_cat","embeddable":true,"href":"https:\/\/sezginpil.com\/index.php?rest_route=%2Fwp%2Fv2%2Fproduct_cat&post=320"},{"taxonomy":"product_tag","embeddable":true,"href":"https:\/\/sezginpil.com\/index.php?rest_route=%2Fwp%2Fv2%2Fproduct_tag&post=320"}],"curies":[{"name":"wp","href":"https:\/\/api.w.org\/{rel}","templated":true}]}}