{"id":308,"date":"2026-04-04T21:28:29","date_gmt":"2026-04-04T21:28:29","guid":{"rendered":"https:\/\/sezginpil.com\/?post_type=product&#038;p=308"},"modified":"2026-04-16T23:14:30","modified_gmt":"2026-04-16T23:14:30","slug":"21-volt-1a-lion-adaptor","status":"publish","type":"product","link":"https:\/\/sezginpil.com\/?product=21-volt-1a-lion-adaptor","title":{"rendered":"21 volt 1a lion Adapt\u00f6r"},"content":{"rendered":"<h3 data-section-id=\"1ij2tu6\" data-start=\"240\" data-end=\"268\">21 volt 1a lion pil \u015farj cihaz\u0131 ( 5s i\u00e7in )<\/h3>\n<h3 data-section-id=\"1ij2tu6\" data-start=\"240\" data-end=\"268\">Teknik \u00d6zellikleri:<\/h3>\n<ul>\n<li data-section-id=\"ane591\" data-start=\"244\" data-end=\"420\"><strong data-start=\"246\" data-end=\"264\">Giri\u015f voltaj\u0131:<\/strong>\n<ul data-start=\"267\" data-end=\"420\">\n<li data-section-id=\"sbcxek\" data-start=\"267\" data-end=\"345\">Adapt\u00f6r tipi: 100\u2013240V AC \/ 50-60 Hz<\/li>\n<\/ul>\n<\/li>\n<li data-section-id=\"1ozr9ru\" data-start=\"421\" data-end=\"452\"><strong data-start=\"423\" data-end=\"441\">\u00c7\u0131k\u0131\u015f voltaj\u0131:<\/strong> 21V DC<\/li>\n<li data-section-id=\"1p0glep\" data-start=\"453\" data-end=\"525\"><strong data-start=\"455\" data-end=\"471\">\u00c7\u0131k\u0131\u015f ak\u0131m\u0131:<\/strong> 1A (maksimum)<\/li>\n<li data-section-id=\"1s5s6mb\" data-start=\"526\" data-end=\"557\"><strong data-start=\"528\" data-end=\"543\">\u00c7\u0131k\u0131\u015f g\u00fcc\u00fc:<\/strong> \u2248 21 Watt<\/li>\n<li data-section-id=\"slyx3q\" data-start=\"558\" data-end=\"611\"><strong data-start=\"560\" data-end=\"577\">\u015earj y\u00f6ntemi:<\/strong> CC-CV (Sabit ak\u0131m \u2192 Sabit voltaj)<\/li>\n<\/ul>\n","protected":false},"excerpt":{"rendered":"<p>21 volt 1a lion pil \u015farj cihaz\u0131 ( 5s i\u00e7in ) Teknik \u00d6zellikleri: Giri\u015f voltaj\u0131: Adapt\u00f6r tipi: 100\u2013240V AC \/ [&hellip;]<\/p>\n","protected":false},"featured_media":477,"comment_status":"open","ping_status":"closed","template":"","meta":{"site-sidebar-layout":"default","site-content-layout":"","ast-site-content-layout":"default","site-content-style":"default","site-sidebar-style":"default","ast-global-header-display":"","ast-banner-title-visibility":"","ast-main-header-display":"","ast-hfb-above-header-display":"","ast-hfb-below-header-display":"","ast-hfb-mobile-header-display":"","site-post-title":"","ast-breadcrumbs-content":"","ast-featured-img":"","footer-sml-layout":"","ast-disable-related-posts":"","theme-transparent-header-meta":"default","adv-header-id-meta":"","stick-header-meta":"","header-above-stick-meta":"","header-main-stick-meta":"","header-below-stick-meta":"","astra-migrate-meta-layouts":"set","ast-page-background-enabled":"default","ast-page-background-meta":{"desktop":{"background-color":"var(--ast-global-color-5)","background-image":"","background-repeat":"repeat","background-position":"center center","background-size":"auto","background-attachment":"scroll","background-type":"","background-media":"","overlay-type":"","overlay-color":"","overlay-opacity":"","overlay-gradient":""},"tablet":{"background-color":"","background-image":"","background-repeat":"repeat","background-position":"center center","background-size":"auto","background-attachment":"scroll","background-type":"","background-media":"","overlay-type":"","overlay-color":"","overlay-opacity":"","overlay-gradient":""},"mobile":{"background-color":"","background-image":"","background-repeat":"repeat","background-position":"center center","background-size":"auto","background-attachment":"scroll","background-type":"","background-media":"","overlay-type":"","overlay-color":"","overlay-opacity":"","overlay-gradient":""}},"ast-content-background-meta":{"desktop":{"background-color":"var(--ast-global-color-4)","background-image":"","background-repeat":"repeat","background-position":"center center","background-size":"auto","background-attachment":"scroll","background-type":"","background-media":"","overlay-type":"","overlay-color":"","overlay-opacity":"","overlay-gradient":""},"tablet":{"background-color":"var(--ast-global-color-4)","background-image":"","background-repeat":"repeat","background-position":"center center","background-size":"auto","background-attachment":"scroll","background-type":"","background-media":"","overlay-type":"","overlay-color":"","overlay-opacity":"","overlay-gradient":""},"mobile":{"background-color":"var(--ast-global-color-4)","background-image":"","background-repeat":"repeat","background-position":"center center","background-size":"auto","background-attachment":"scroll","background-type":"","background-media":"","overlay-type":"","overlay-color":"","overlay-opacity":"","overlay-gradient":""}}},"product_brand":[],"product_cat":[67],"product_tag":[74,76,69],"class_list":{"0":"post-308","1":"product","2":"type-product","3":"status-publish","4":"has-post-thumbnail","6":"product_cat-21v-1a","7":"product_tag-1a","8":"product_tag-21v","9":"product_tag-sarj-aleti","10":"desktop-align-left","11":"tablet-align-left","12":"mobile-align-left","14":"first","15":"instock","16":"shipping-taxable","17":"purchasable","18":"product-type-simple"},"aioseo_notices":[],"_links":{"self":[{"href":"https:\/\/sezginpil.com\/index.php?rest_route=\/wp\/v2\/product\/308","targetHints":{"allow":["GET"]}}],"collection":[{"href":"https:\/\/sezginpil.com\/index.php?rest_route=\/wp\/v2\/product"}],"about":[{"href":"https:\/\/sezginpil.com\/index.php?rest_route=\/wp\/v2\/types\/product"}],"replies":[{"embeddable":true,"href":"https:\/\/sezginpil.com\/index.php?rest_route=%2Fwp%2Fv2%2Fcomments&post=308"}],"wp:featuredmedia":[{"embeddable":true,"href":"https:\/\/sezginpil.com\/index.php?rest_route=\/wp\/v2\/media\/477"}],"wp:attachment":[{"href":"https:\/\/sezginpil.com\/index.php?rest_route=%2Fwp%2Fv2%2Fmedia&parent=308"}],"wp:term":[{"taxonomy":"product_brand","embeddable":true,"href":"https:\/\/sezginpil.com\/index.php?rest_route=%2Fwp%2Fv2%2Fproduct_brand&post=308"},{"taxonomy":"product_cat","embeddable":true,"href":"https:\/\/sezginpil.com\/index.php?rest_route=%2Fwp%2Fv2%2Fproduct_cat&post=308"},{"taxonomy":"product_tag","embeddable":true,"href":"https:\/\/sezginpil.com\/index.php?rest_route=%2Fwp%2Fv2%2Fproduct_tag&post=308"}],"curies":[{"name":"wp","href":"https:\/\/api.w.org\/{rel}","templated":true}]}}