{"id":306,"date":"2026-04-04T21:19:44","date_gmt":"2026-04-04T21:19:44","guid":{"rendered":"https:\/\/sezginpil.com\/?post_type=product&#038;p=306"},"modified":"2026-04-16T23:13:52","modified_gmt":"2026-04-16T23:13:52","slug":"16-8-volt-1a-lion-adaptor","status":"publish","type":"product","link":"https:\/\/sezginpil.com\/?product=16-8-volt-1a-lion-adaptor","title":{"rendered":"16.8 volt 1a lion Adapt\u00f6r"},"content":{"rendered":"<h3 data-section-id=\"1ij2tu6\" data-start=\"240\" data-end=\"268\">16.8 volt 1a lion pil \u015farj cihaz\u0131 ( 4s i\u00e7in )<\/h3>\n<h3 data-section-id=\"1ij2tu6\" data-start=\"240\" data-end=\"268\">Teknik \u00d6zellikleri:<\/h3>\n<ul>\n<li data-section-id=\"10o7i99\" data-start=\"298\" data-end=\"381\"><strong data-start=\"300\" data-end=\"318\">Giri\u015f voltaj\u0131:<\/strong> 100\u2013240V AC \/ 50-60 Hz<\/li>\n<li data-section-id=\"1ozr9ru\" data-start=\"382\" data-end=\"413\"><strong data-start=\"384\" data-end=\"402\">\u00c7\u0131k\u0131\u015f voltaj\u0131:<\/strong> 16.8V DC<\/li>\n<li data-section-id=\"zzdxtu\" data-start=\"414\" data-end=\"486\"><strong data-start=\"416\" data-end=\"432\">\u00c7\u0131k\u0131\u015f ak\u0131m\u0131:<\/strong> 1A (maksimum)<\/li>\n<li data-section-id=\"1iqe71m\" data-start=\"487\" data-end=\"518\"><strong data-start=\"489\" data-end=\"504\">\u00c7\u0131k\u0131\u015f g\u00fcc\u00fc:<\/strong> \u2248 16.8 Watt<\/li>\n<li data-section-id=\"1e5vgcr\" data-start=\"519\" data-end=\"612\"><strong data-start=\"521\" data-end=\"538\">\u015earj y\u00f6ntemi:<\/strong> CC-CV (Sabit ak\u0131m \u2192 Sabit voltaj)<\/li>\n<\/ul>\n","protected":false},"excerpt":{"rendered":"<p>16.8 volt 1a lion pil \u015farj cihaz\u0131 ( 4s i\u00e7in ) Teknik \u00d6zellikleri: Giri\u015f voltaj\u0131: 100\u2013240V AC \/ 50-60 Hz [&hellip;]<\/p>\n","protected":false},"featured_media":475,"comment_status":"open","ping_status":"closed","template":"","meta":{"site-sidebar-layout":"default","site-content-layout":"","ast-site-content-layout":"default","site-content-style":"default","site-sidebar-style":"default","ast-global-header-display":"","ast-banner-title-visibility":"","ast-main-header-display":"","ast-hfb-above-header-display":"","ast-hfb-below-header-display":"","ast-hfb-mobile-header-display":"","site-post-title":"","ast-breadcrumbs-content":"","ast-featured-img":"","footer-sml-layout":"","ast-disable-related-posts":"","theme-transparent-header-meta":"default","adv-header-id-meta":"","stick-header-meta":"","header-above-stick-meta":"","header-main-stick-meta":"","header-below-stick-meta":"","astra-migrate-meta-layouts":"set","ast-page-background-enabled":"default","ast-page-background-meta":{"desktop":{"background-color":"var(--ast-global-color-5)","background-image":"","background-repeat":"repeat","background-position":"center center","background-size":"auto","background-attachment":"scroll","background-type":"","background-media":"","overlay-type":"","overlay-color":"","overlay-opacity":"","overlay-gradient":""},"tablet":{"background-color":"","background-image":"","background-repeat":"repeat","background-position":"center center","background-size":"auto","background-attachment":"scroll","background-type":"","background-media":"","overlay-type":"","overlay-color":"","overlay-opacity":"","overlay-gradient":""},"mobile":{"background-color":"","background-image":"","background-repeat":"repeat","background-position":"center center","background-size":"auto","background-attachment":"scroll","background-type":"","background-media":"","overlay-type":"","overlay-color":"","overlay-opacity":"","overlay-gradient":""}},"ast-content-background-meta":{"desktop":{"background-color":"var(--ast-global-color-4)","background-image":"","background-repeat":"repeat","background-position":"center center","background-size":"auto","background-attachment":"scroll","background-type":"","background-media":"","overlay-type":"","overlay-color":"","overlay-opacity":"","overlay-gradient":""},"tablet":{"background-color":"var(--ast-global-color-4)","background-image":"","background-repeat":"repeat","background-position":"center center","background-size":"auto","background-attachment":"scroll","background-type":"","background-media":"","overlay-type":"","overlay-color":"","overlay-opacity":"","overlay-gradient":""},"mobile":{"background-color":"var(--ast-global-color-4)","background-image":"","background-repeat":"repeat","background-position":"center center","background-size":"auto","background-attachment":"scroll","background-type":"","background-media":"","overlay-type":"","overlay-color":"","overlay-opacity":"","overlay-gradient":""}}},"product_brand":[],"product_cat":[66],"product_tag":[73,74,69],"class_list":{"0":"post-306","1":"product","2":"type-product","3":"status-publish","4":"has-post-thumbnail","6":"product_cat-16-8v-1a","7":"product_tag-16-8v","8":"product_tag-1a","9":"product_tag-sarj-aleti","10":"desktop-align-left","11":"tablet-align-left","12":"mobile-align-left","14":"first","15":"instock","16":"shipping-taxable","17":"purchasable","18":"product-type-simple"},"aioseo_notices":[],"_links":{"self":[{"href":"https:\/\/sezginpil.com\/index.php?rest_route=\/wp\/v2\/product\/306","targetHints":{"allow":["GET"]}}],"collection":[{"href":"https:\/\/sezginpil.com\/index.php?rest_route=\/wp\/v2\/product"}],"about":[{"href":"https:\/\/sezginpil.com\/index.php?rest_route=\/wp\/v2\/types\/product"}],"replies":[{"embeddable":true,"href":"https:\/\/sezginpil.com\/index.php?rest_route=%2Fwp%2Fv2%2Fcomments&post=306"}],"wp:featuredmedia":[{"embeddable":true,"href":"https:\/\/sezginpil.com\/index.php?rest_route=\/wp\/v2\/media\/475"}],"wp:attachment":[{"href":"https:\/\/sezginpil.com\/index.php?rest_route=%2Fwp%2Fv2%2Fmedia&parent=306"}],"wp:term":[{"taxonomy":"product_brand","embeddable":true,"href":"https:\/\/sezginpil.com\/index.php?rest_route=%2Fwp%2Fv2%2Fproduct_brand&post=306"},{"taxonomy":"product_cat","embeddable":true,"href":"https:\/\/sezginpil.com\/index.php?rest_route=%2Fwp%2Fv2%2Fproduct_cat&post=306"},{"taxonomy":"product_tag","embeddable":true,"href":"https:\/\/sezginpil.com\/index.php?rest_route=%2Fwp%2Fv2%2Fproduct_tag&post=306"}],"curies":[{"name":"wp","href":"https:\/\/api.w.org\/{rel}","templated":true}]}}