{"id":305,"date":"2026-04-04T21:15:28","date_gmt":"2026-04-04T21:15:28","guid":{"rendered":"https:\/\/sezginpil.com\/?post_type=product&#038;p=305"},"modified":"2026-04-17T17:25:52","modified_gmt":"2026-04-17T17:25:52","slug":"12-6-volt-2a-lion-adaptor","status":"publish","type":"product","link":"https:\/\/sezginpil.com\/?product=12-6-volt-2a-lion-adaptor","title":{"rendered":"12.6 volt 2a lion Adapt\u00f6r"},"content":{"rendered":"<h3 data-section-id=\"1ij2tu6\" data-start=\"240\" data-end=\"268\">12.6 volt 2a lion pil \u015farj cihaz\u0131 ( 3s i\u00e7in )<\/h3>\n<h3 data-section-id=\"1ij2tu6\" data-start=\"240\" data-end=\"268\">Teknik \u00d6zellikleri:<\/h3>\n<ul>\n<li data-section-id=\"6cmyyw\" data-start=\"312\" data-end=\"452\"><strong data-start=\"314\" data-end=\"332\">Giri\u015f voltaj\u0131:<\/strong>\n<ul data-start=\"337\" data-end=\"452\">\n<li data-section-id=\"90lc3l\" data-start=\"337\" data-end=\"377\">Adapt\u00f6r tipi: 100\u2013240V AC \/ 50-60 Hz<\/li>\n<li data-section-id=\"n7ht4a\" data-start=\"380\" data-end=\"452\">Mod\u00fcl tipi: 5V DC (USB Type-C)<\/li>\n<\/ul>\n<\/li>\n<li data-section-id=\"tdoe9c\" data-start=\"453\" data-end=\"484\"><strong data-start=\"455\" data-end=\"473\">\u00c7\u0131k\u0131\u015f voltaj\u0131:<\/strong> 12.6V DC<\/li>\n<li data-section-id=\"16xo801\" data-start=\"485\" data-end=\"557\"><strong data-start=\"487\" data-end=\"503\">\u00c7\u0131k\u0131\u015f ak\u0131m\u0131:<\/strong> 2A (maksimum)<\/li>\n<li data-section-id=\"1iwa9a5\" data-start=\"558\" data-end=\"583\"><strong data-start=\"560\" data-end=\"575\">\u00c7\u0131k\u0131\u015f g\u00fcc\u00fc:<\/strong> \u2248 25W<\/li>\n<li data-section-id=\"slyx3q\" data-start=\"584\" data-end=\"637\"><strong data-start=\"586\" data-end=\"603\">\u015earj y\u00f6ntemi:<\/strong> CC-CV (Sabit ak\u0131m \u2192 Sabit voltaj)<\/li>\n<\/ul>\n","protected":false},"excerpt":{"rendered":"<p>12.6 volt 2a lion pil \u015farj cihaz\u0131 ( 3s i\u00e7in ) Teknik \u00d6zellikleri: Giri\u015f voltaj\u0131: Adapt\u00f6r tipi: 100\u2013240V AC \/ [&hellip;]<\/p>\n","protected":false},"featured_media":474,"comment_status":"open","ping_status":"closed","template":"","meta":{"site-sidebar-layout":"default","site-content-layout":"","ast-site-content-layout":"default","site-content-style":"default","site-sidebar-style":"default","ast-global-header-display":"","ast-banner-title-visibility":"","ast-main-header-display":"","ast-hfb-above-header-display":"","ast-hfb-below-header-display":"","ast-hfb-mobile-header-display":"","site-post-title":"","ast-breadcrumbs-content":"","ast-featured-img":"","footer-sml-layout":"","ast-disable-related-posts":"","theme-transparent-header-meta":"default","adv-header-id-meta":"","stick-header-meta":"","header-above-stick-meta":"","header-main-stick-meta":"","header-below-stick-meta":"","astra-migrate-meta-layouts":"set","ast-page-background-enabled":"default","ast-page-background-meta":{"desktop":{"background-color":"var(--ast-global-color-5)","background-image":"","background-repeat":"repeat","background-position":"center center","background-size":"auto","background-attachment":"scroll","background-type":"","background-media":"","overlay-type":"","overlay-color":"","overlay-opacity":"","overlay-gradient":""},"tablet":{"background-color":"","background-image":"","background-repeat":"repeat","background-position":"center center","background-size":"auto","background-attachment":"scroll","background-type":"","background-media":"","overlay-type":"","overlay-color":"","overlay-opacity":"","overlay-gradient":""},"mobile":{"background-color":"","background-image":"","background-repeat":"repeat","background-position":"center center","background-size":"auto","background-attachment":"scroll","background-type":"","background-media":"","overlay-type":"","overlay-color":"","overlay-opacity":"","overlay-gradient":""}},"ast-content-background-meta":{"desktop":{"background-color":"var(--ast-global-color-4)","background-image":"","background-repeat":"repeat","background-position":"center center","background-size":"auto","background-attachment":"scroll","background-type":"","background-media":"","overlay-type":"","overlay-color":"","overlay-opacity":"","overlay-gradient":""},"tablet":{"background-color":"var(--ast-global-color-4)","background-image":"","background-repeat":"repeat","background-position":"center center","background-size":"auto","background-attachment":"scroll","background-type":"","background-media":"","overlay-type":"","overlay-color":"","overlay-opacity":"","overlay-gradient":""},"mobile":{"background-color":"var(--ast-global-color-4)","background-image":"","background-repeat":"repeat","background-position":"center center","background-size":"auto","background-attachment":"scroll","background-type":"","background-media":"","overlay-type":"","overlay-color":"","overlay-opacity":"","overlay-gradient":""}}},"product_brand":[],"product_cat":[65],"product_tag":[71,72,69],"class_list":{"0":"post-305","1":"product","2":"type-product","3":"status-publish","4":"has-post-thumbnail","6":"product_cat-12-6v-2a","7":"product_tag-12-6v","8":"product_tag-2a","9":"product_tag-sarj-aleti","10":"desktop-align-left","11":"tablet-align-left","12":"mobile-align-left","14":"first","15":"instock","16":"shipping-taxable","17":"purchasable","18":"product-type-simple"},"aioseo_notices":[],"_links":{"self":[{"href":"https:\/\/sezginpil.com\/index.php?rest_route=\/wp\/v2\/product\/305","targetHints":{"allow":["GET"]}}],"collection":[{"href":"https:\/\/sezginpil.com\/index.php?rest_route=\/wp\/v2\/product"}],"about":[{"href":"https:\/\/sezginpil.com\/index.php?rest_route=\/wp\/v2\/types\/product"}],"replies":[{"embeddable":true,"href":"https:\/\/sezginpil.com\/index.php?rest_route=%2Fwp%2Fv2%2Fcomments&post=305"}],"wp:featuredmedia":[{"embeddable":true,"href":"https:\/\/sezginpil.com\/index.php?rest_route=\/wp\/v2\/media\/474"}],"wp:attachment":[{"href":"https:\/\/sezginpil.com\/index.php?rest_route=%2Fwp%2Fv2%2Fmedia&parent=305"}],"wp:term":[{"taxonomy":"product_brand","embeddable":true,"href":"https:\/\/sezginpil.com\/index.php?rest_route=%2Fwp%2Fv2%2Fproduct_brand&post=305"},{"taxonomy":"product_cat","embeddable":true,"href":"https:\/\/sezginpil.com\/index.php?rest_route=%2Fwp%2Fv2%2Fproduct_cat&post=305"},{"taxonomy":"product_tag","embeddable":true,"href":"https:\/\/sezginpil.com\/index.php?rest_route=%2Fwp%2Fv2%2Fproduct_tag&post=305"}],"curies":[{"name":"wp","href":"https:\/\/api.w.org\/{rel}","templated":true}]}}