{"id":304,"date":"2026-04-04T21:11:08","date_gmt":"2026-04-04T21:11:08","guid":{"rendered":"https:\/\/sezginpil.com\/?post_type=product&#038;p=304"},"modified":"2026-04-16T23:15:43","modified_gmt":"2026-04-16T23:15:43","slug":"12-6-volt-1a-lion-adaptor","status":"publish","type":"product","link":"https:\/\/sezginpil.com\/?product=12-6-volt-1a-lion-adaptor","title":{"rendered":"12.6 volt 1a lion Adapt\u00f6r"},"content":{"rendered":"<h3 data-section-id=\"10qoi8g\" data-start=\"182\" data-end=\"238\">12.6V 1A Li-ion (2S) \u015earj Cihaz\u0131<\/h3>\n<h3 data-section-id=\"1ij2tu6\" data-start=\"240\" data-end=\"268\">\u00a0 \u00a0 \u00a0Teknik \u00d6zellikleri:<\/h3>\n<ul data-start=\"269\" data-end=\"528\">\n<li data-section-id=\"10o7i99\" data-start=\"302\" data-end=\"385\"><strong data-start=\"304\" data-end=\"322\">Giri\u015f voltaj\u0131:<\/strong> 100\u2013240V AC \/ 50-60 Hz<\/li>\n<li data-section-id=\"tdoe9c\" data-start=\"386\" data-end=\"417\"><strong data-start=\"388\" data-end=\"406\">\u00c7\u0131k\u0131\u015f voltaj\u0131:<\/strong> 12.6V DC<\/li>\n<li data-section-id=\"a1e0d3\" data-start=\"418\" data-end=\"498\"><strong data-start=\"420\" data-end=\"436\">\u00c7\u0131k\u0131\u015f ak\u0131m\u0131:<\/strong> 1A (\u00b10.2A toleransl\u0131)<\/li>\n<li data-section-id=\"1isxv4p\" data-start=\"499\" data-end=\"524\"><strong data-start=\"501\" data-end=\"516\">\u00c7\u0131k\u0131\u015f g\u00fcc\u00fc:<\/strong> \u2248 12W<\/li>\n<li data-section-id=\"1e5vgcr\" data-start=\"525\" data-end=\"618\"><strong data-start=\"527\" data-end=\"544\">\u015earj y\u00f6ntemi:<\/strong> CC-CV (Sabit ak\u0131m \u2192 Sabit voltaj)<\/li>\n<\/ul>\n","protected":false},"excerpt":{"rendered":"<p>12.6V 1A Li-ion (2S) \u015earj Cihaz\u0131 \u00a0 \u00a0 \u00a0Teknik \u00d6zellikleri: Giri\u015f voltaj\u0131: 100\u2013240V AC \/ 50-60 Hz \u00c7\u0131k\u0131\u015f voltaj\u0131: 12.6V [&hellip;]<\/p>\n","protected":false},"featured_media":472,"comment_status":"open","ping_status":"closed","template":"","meta":{"site-sidebar-layout":"default","site-content-layout":"","ast-site-content-layout":"default","site-content-style":"default","site-sidebar-style":"default","ast-global-header-display":"","ast-banner-title-visibility":"","ast-main-header-display":"","ast-hfb-above-header-display":"","ast-hfb-below-header-display":"","ast-hfb-mobile-header-display":"","site-post-title":"","ast-breadcrumbs-content":"","ast-featured-img":"","footer-sml-layout":"","ast-disable-related-posts":"","theme-transparent-header-meta":"default","adv-header-id-meta":"","stick-header-meta":"","header-above-stick-meta":"","header-main-stick-meta":"","header-below-stick-meta":"","astra-migrate-meta-layouts":"set","ast-page-background-enabled":"default","ast-page-background-meta":{"desktop":{"background-color":"var(--ast-global-color-5)","background-image":"","background-repeat":"repeat","background-position":"center center","background-size":"auto","background-attachment":"scroll","background-type":"","background-media":"","overlay-type":"","overlay-color":"","overlay-opacity":"","overlay-gradient":""},"tablet":{"background-color":"","background-image":"","background-repeat":"repeat","background-position":"center center","background-size":"auto","background-attachment":"scroll","background-type":"","background-media":"","overlay-type":"","overlay-color":"","overlay-opacity":"","overlay-gradient":""},"mobile":{"background-color":"","background-image":"","background-repeat":"repeat","background-position":"center center","background-size":"auto","background-attachment":"scroll","background-type":"","background-media":"","overlay-type":"","overlay-color":"","overlay-opacity":"","overlay-gradient":""}},"ast-content-background-meta":{"desktop":{"background-color":"var(--ast-global-color-4)","background-image":"","background-repeat":"repeat","background-position":"center center","background-size":"auto","background-attachment":"scroll","background-type":"","background-media":"","overlay-type":"","overlay-color":"","overlay-opacity":"","overlay-gradient":""},"tablet":{"background-color":"var(--ast-global-color-4)","background-image":"","background-repeat":"repeat","background-position":"center center","background-size":"auto","background-attachment":"scroll","background-type":"","background-media":"","overlay-type":"","overlay-color":"","overlay-opacity":"","overlay-gradient":""},"mobile":{"background-color":"var(--ast-global-color-4)","background-image":"","background-repeat":"repeat","background-position":"center center","background-size":"auto","background-attachment":"scroll","background-type":"","background-media":"","overlay-type":"","overlay-color":"","overlay-opacity":"","overlay-gradient":""}}},"product_brand":[],"product_cat":[64],"product_tag":[71,69],"class_list":{"0":"post-304","1":"product","2":"type-product","3":"status-publish","4":"has-post-thumbnail","6":"product_cat-12-6v-1a","7":"product_tag-12-6v","8":"product_tag-sarj-aleti","9":"desktop-align-left","10":"tablet-align-left","11":"mobile-align-left","13":"first","14":"instock","15":"shipping-taxable","16":"purchasable","17":"product-type-simple"},"aioseo_notices":[],"_links":{"self":[{"href":"https:\/\/sezginpil.com\/index.php?rest_route=\/wp\/v2\/product\/304","targetHints":{"allow":["GET"]}}],"collection":[{"href":"https:\/\/sezginpil.com\/index.php?rest_route=\/wp\/v2\/product"}],"about":[{"href":"https:\/\/sezginpil.com\/index.php?rest_route=\/wp\/v2\/types\/product"}],"replies":[{"embeddable":true,"href":"https:\/\/sezginpil.com\/index.php?rest_route=%2Fwp%2Fv2%2Fcomments&post=304"}],"wp:featuredmedia":[{"embeddable":true,"href":"https:\/\/sezginpil.com\/index.php?rest_route=\/wp\/v2\/media\/472"}],"wp:attachment":[{"href":"https:\/\/sezginpil.com\/index.php?rest_route=%2Fwp%2Fv2%2Fmedia&parent=304"}],"wp:term":[{"taxonomy":"product_brand","embeddable":true,"href":"https:\/\/sezginpil.com\/index.php?rest_route=%2Fwp%2Fv2%2Fproduct_brand&post=304"},{"taxonomy":"product_cat","embeddable":true,"href":"https:\/\/sezginpil.com\/index.php?rest_route=%2Fwp%2Fv2%2Fproduct_cat&post=304"},{"taxonomy":"product_tag","embeddable":true,"href":"https:\/\/sezginpil.com\/index.php?rest_route=%2Fwp%2Fv2%2Fproduct_tag&post=304"}],"curies":[{"name":"wp","href":"https:\/\/api.w.org\/{rel}","templated":true}]}}