{"id":298,"date":"2026-04-04T21:04:21","date_gmt":"2026-04-04T21:04:21","guid":{"rendered":"https:\/\/sezginpil.com\/?post_type=product&#038;p=298"},"modified":"2026-04-16T23:16:04","modified_gmt":"2026-04-16T23:16:04","slug":"8-4-volt-1a-lion-pil-sarj-cihazi-2s-icin","status":"publish","type":"product","link":"https:\/\/sezginpil.com\/?product=8-4-volt-1a-lion-pil-sarj-cihazi-2s-icin","title":{"rendered":"8.4 volt 1a lion Adapt\u00f6r"},"content":{"rendered":"<h2 data-section-id=\"10qoi8g\" data-start=\"182\" data-end=\"238\">8.4V 1A Li-ion (2S) \u015earj Cihaz\u0131<\/h2>\n<h3 data-section-id=\"1ij2tu6\" data-start=\"240\" data-end=\"268\">\u00a0 \u00a0 \u00a0Teknik \u00d6zellikleri:<\/h3>\n<ul data-start=\"269\" data-end=\"528\">\n<li data-section-id=\"ucehjf\" data-start=\"269\" data-end=\"352\"><strong data-start=\"271\" data-end=\"289\">Giri\u015f voltaj\u0131:<\/strong> 220\u2013230V AC \/ 50-60 Hz<\/li>\n<li data-section-id=\"jd3omh\" data-start=\"353\" data-end=\"383\"><strong data-start=\"355\" data-end=\"373\">\u00c7\u0131k\u0131\u015f voltaj\u0131:<\/strong> 8.4V DC<\/li>\n<li data-section-id=\"ohq1p2\" data-start=\"384\" data-end=\"407\"><strong data-start=\"386\" data-end=\"402\">\u00c7\u0131k\u0131\u015f ak\u0131m\u0131:<\/strong> 1A<\/li>\n<li data-section-id=\"1uaevu5\" data-start=\"408\" data-end=\"437\"><strong data-start=\"410\" data-end=\"424\">\u015earj g\u00fcc\u00fc:<\/strong> \u2248 8.4 Watt<\/li>\n<li data-section-id=\"sn1y3\" data-start=\"438\" data-end=\"528\"><strong data-start=\"440\" data-end=\"454\">\u015earj tipi:<\/strong> CC-CV (Sabit ak\u0131m \u2192 Sabit voltaj)<\/li>\n<\/ul>\n","protected":false},"excerpt":{"rendered":"<p>8.4V 1A Li-ion (2S) \u015earj Cihaz\u0131 \u00a0 \u00a0 \u00a0Teknik \u00d6zellikleri: Giri\u015f voltaj\u0131: 220\u2013230V AC \/ 50-60 Hz \u00c7\u0131k\u0131\u015f voltaj\u0131: 8.4V [&hellip;]<\/p>\n","protected":false},"featured_media":473,"comment_status":"open","ping_status":"closed","template":"","meta":{"site-sidebar-layout":"default","site-content-layout":"","ast-site-content-layout":"default","site-content-style":"default","site-sidebar-style":"default","ast-global-header-display":"","ast-banner-title-visibility":"","ast-main-header-display":"","ast-hfb-above-header-display":"","ast-hfb-below-header-display":"","ast-hfb-mobile-header-display":"","site-post-title":"","ast-breadcrumbs-content":"","ast-featured-img":"","footer-sml-layout":"","ast-disable-related-posts":"","theme-transparent-header-meta":"default","adv-header-id-meta":"","stick-header-meta":"","header-above-stick-meta":"","header-main-stick-meta":"","header-below-stick-meta":"","astra-migrate-meta-layouts":"set","ast-page-background-enabled":"default","ast-page-background-meta":{"desktop":{"background-color":"var(--ast-global-color-5)","background-image":"","background-repeat":"repeat","background-position":"center center","background-size":"auto","background-attachment":"scroll","background-type":"","background-media":"","overlay-type":"","overlay-color":"","overlay-opacity":"","overlay-gradient":""},"tablet":{"background-color":"","background-image":"","background-repeat":"repeat","background-position":"center center","background-size":"auto","background-attachment":"scroll","background-type":"","background-media":"","overlay-type":"","overlay-color":"","overlay-opacity":"","overlay-gradient":""},"mobile":{"background-color":"","background-image":"","background-repeat":"repeat","background-position":"center center","background-size":"auto","background-attachment":"scroll","background-type":"","background-media":"","overlay-type":"","overlay-color":"","overlay-opacity":"","overlay-gradient":""}},"ast-content-background-meta":{"desktop":{"background-color":"var(--ast-global-color-4)","background-image":"","background-repeat":"repeat","background-position":"center center","background-size":"auto","background-attachment":"scroll","background-type":"","background-media":"","overlay-type":"","overlay-color":"","overlay-opacity":"","overlay-gradient":""},"tablet":{"background-color":"var(--ast-global-color-4)","background-image":"","background-repeat":"repeat","background-position":"center center","background-size":"auto","background-attachment":"scroll","background-type":"","background-media":"","overlay-type":"","overlay-color":"","overlay-opacity":"","overlay-gradient":""},"mobile":{"background-color":"var(--ast-global-color-4)","background-image":"","background-repeat":"repeat","background-position":"center center","background-size":"auto","background-attachment":"scroll","background-type":"","background-media":"","overlay-type":"","overlay-color":"","overlay-opacity":"","overlay-gradient":""}}},"product_brand":[],"product_cat":[63,62],"product_tag":[70,69],"class_list":{"0":"post-298","1":"product","2":"type-product","3":"status-publish","4":"has-post-thumbnail","6":"product_cat-8-4v-1a","7":"product_cat-sarj-aletleri","8":"product_tag-8-4v","9":"product_tag-sarj-aleti","10":"desktop-align-left","11":"tablet-align-left","12":"mobile-align-left","14":"first","15":"instock","16":"shipping-taxable","17":"purchasable","18":"product-type-simple"},"aioseo_notices":[],"_links":{"self":[{"href":"https:\/\/sezginpil.com\/index.php?rest_route=\/wp\/v2\/product\/298","targetHints":{"allow":["GET"]}}],"collection":[{"href":"https:\/\/sezginpil.com\/index.php?rest_route=\/wp\/v2\/product"}],"about":[{"href":"https:\/\/sezginpil.com\/index.php?rest_route=\/wp\/v2\/types\/product"}],"replies":[{"embeddable":true,"href":"https:\/\/sezginpil.com\/index.php?rest_route=%2Fwp%2Fv2%2Fcomments&post=298"}],"wp:featuredmedia":[{"embeddable":true,"href":"https:\/\/sezginpil.com\/index.php?rest_route=\/wp\/v2\/media\/473"}],"wp:attachment":[{"href":"https:\/\/sezginpil.com\/index.php?rest_route=%2Fwp%2Fv2%2Fmedia&parent=298"}],"wp:term":[{"taxonomy":"product_brand","embeddable":true,"href":"https:\/\/sezginpil.com\/index.php?rest_route=%2Fwp%2Fv2%2Fproduct_brand&post=298"},{"taxonomy":"product_cat","embeddable":true,"href":"https:\/\/sezginpil.com\/index.php?rest_route=%2Fwp%2Fv2%2Fproduct_cat&post=298"},{"taxonomy":"product_tag","embeddable":true,"href":"https:\/\/sezginpil.com\/index.php?rest_route=%2Fwp%2Fv2%2Fproduct_tag&post=298"}],"curies":[{"name":"wp","href":"https:\/\/api.w.org\/{rel}","templated":true}]}}