{"id":204,"date":"2026-04-03T23:18:31","date_gmt":"2026-04-03T23:18:31","guid":{"rendered":"https:\/\/sezginpil.com\/?post_type=product&#038;p=204"},"modified":"2026-04-14T11:32:00","modified_gmt":"2026-04-14T11:32:00","slug":"aspilsan-inr-18650-a28","status":"publish","type":"product","link":"https:\/\/sezginpil.com\/?product=aspilsan-inr-18650-a28","title":{"rendered":"Aspilsan INR 18650 A28"},"content":{"rendered":"<p><strong>Aspilsan INR 18650 A28, <\/strong><\/p>\n<p>yerli \u00fcretim,\u00a02800-2900 mAh kapasiteli, 3.65V-3.7V nominal gerilimli, y\u00fcksek performansl\u0131 (25A de\u015farj) lityum-iyon 18650 pildir. NMC kimyas\u0131yla \u00fcretilen bu piller, y\u00fcksek enerji yo\u011funlu\u011fu ve g\u00fcvenilirli\u011fi sayesinde end\u00fcstriyel cihazlar, ta\u015f\u0131nabilir g\u00fc\u00e7 kaynaklar\u0131 gibi y\u00fcksek ak\u0131m \u00e7eken alanlarda kullan\u0131l\u0131r.<\/p>\n<p><strong>Kullan\u0131m Alanlar\u0131:<\/strong><\/p>\n<p>Elektrikli el aletleri, elektrikli bisikletler, medikal cihazlar, depolama sistemleri<\/p>\n","protected":false},"excerpt":{"rendered":"<p>Aspilsan INR 18650 A28, yerli \u00fcretim,\u00a02800-2900 mAh kapasiteli, 3.65V-3.7V nominal gerilimli, y\u00fcksek performansl\u0131 (25A de\u015farj) lityum-iyon 18650 pildir. NMC kimyas\u0131yla [&hellip;]<\/p>\n","protected":false},"featured_media":352,"comment_status":"open","ping_status":"closed","template":"","meta":{"site-sidebar-layout":"default","site-content-layout":"","ast-site-content-layout":"default","site-content-style":"default","site-sidebar-style":"default","ast-global-header-display":"","ast-banner-title-visibility":"","ast-main-header-display":"","ast-hfb-above-header-display":"","ast-hfb-below-header-display":"","ast-hfb-mobile-header-display":"","site-post-title":"","ast-breadcrumbs-content":"","ast-featured-img":"","footer-sml-layout":"","ast-disable-related-posts":"","theme-transparent-header-meta":"default","adv-header-id-meta":"","stick-header-meta":"","header-above-stick-meta":"","header-main-stick-meta":"","header-below-stick-meta":"","astra-migrate-meta-layouts":"set","ast-page-background-enabled":"default","ast-page-background-meta":{"desktop":{"background-color":"var(--ast-global-color-5)","background-image":"","background-repeat":"repeat","background-position":"center center","background-size":"auto","background-attachment":"scroll","background-type":"","background-media":"","overlay-type":"","overlay-color":"","overlay-opacity":"","overlay-gradient":""},"tablet":{"background-color":"","background-image":"","background-repeat":"repeat","background-position":"center center","background-size":"auto","background-attachment":"scroll","background-type":"","background-media":"","overlay-type":"","overlay-color":"","overlay-opacity":"","overlay-gradient":""},"mobile":{"background-color":"","background-image":"","background-repeat":"repeat","background-position":"center center","background-size":"auto","background-attachment":"scroll","background-type":"","background-media":"","overlay-type":"","overlay-color":"","overlay-opacity":"","overlay-gradient":""}},"ast-content-background-meta":{"desktop":{"background-color":"var(--ast-global-color-4)","background-image":"","background-repeat":"repeat","background-position":"center center","background-size":"auto","background-attachment":"scroll","background-type":"","background-media":"","overlay-type":"","overlay-color":"","overlay-opacity":"","overlay-gradient":""},"tablet":{"background-color":"var(--ast-global-color-4)","background-image":"","background-repeat":"repeat","background-position":"center center","background-size":"auto","background-attachment":"scroll","background-type":"","background-media":"","overlay-type":"","overlay-color":"","overlay-opacity":"","overlay-gradient":""},"mobile":{"background-color":"var(--ast-global-color-4)","background-image":"","background-repeat":"repeat","background-position":"center center","background-size":"auto","background-attachment":"scroll","background-type":"","background-media":"","overlay-type":"","overlay-color":"","overlay-opacity":"","overlay-gradient":""}}},"product_brand":[],"product_cat":[37],"product_tag":[21,39,38],"class_list":{"0":"post-204","1":"product","2":"type-product","3":"status-publish","4":"has-post-thumbnail","6":"product_cat-aspilsan-a28","7":"product_tag-21","8":"product_tag-aspilsan","9":"product_tag-aspilsan-a28","10":"desktop-align-left","11":"tablet-align-left","12":"mobile-align-left","14":"first","15":"instock","16":"shipping-taxable","17":"purchasable","18":"product-type-simple"},"aioseo_notices":[],"_links":{"self":[{"href":"https:\/\/sezginpil.com\/index.php?rest_route=\/wp\/v2\/product\/204","targetHints":{"allow":["GET"]}}],"collection":[{"href":"https:\/\/sezginpil.com\/index.php?rest_route=\/wp\/v2\/product"}],"about":[{"href":"https:\/\/sezginpil.com\/index.php?rest_route=\/wp\/v2\/types\/product"}],"replies":[{"embeddable":true,"href":"https:\/\/sezginpil.com\/index.php?rest_route=%2Fwp%2Fv2%2Fcomments&post=204"}],"wp:featuredmedia":[{"embeddable":true,"href":"https:\/\/sezginpil.com\/index.php?rest_route=\/wp\/v2\/media\/352"}],"wp:attachment":[{"href":"https:\/\/sezginpil.com\/index.php?rest_route=%2Fwp%2Fv2%2Fmedia&parent=204"}],"wp:term":[{"taxonomy":"product_brand","embeddable":true,"href":"https:\/\/sezginpil.com\/index.php?rest_route=%2Fwp%2Fv2%2Fproduct_brand&post=204"},{"taxonomy":"product_cat","embeddable":true,"href":"https:\/\/sezginpil.com\/index.php?rest_route=%2Fwp%2Fv2%2Fproduct_cat&post=204"},{"taxonomy":"product_tag","embeddable":true,"href":"https:\/\/sezginpil.com\/index.php?rest_route=%2Fwp%2Fv2%2Fproduct_tag&post=204"}],"curies":[{"name":"wp","href":"https:\/\/api.w.org\/{rel}","templated":true}]}}