{"id":202,"date":"2026-04-03T23:11:40","date_gmt":"2026-04-03T23:11:40","guid":{"rendered":"https:\/\/sezginpil.com\/?post_type=product&#038;p=202"},"modified":"2026-04-14T11:32:48","modified_gmt":"2026-04-14T11:32:48","slug":"molicel-inr-21700-p42a","status":"publish","type":"product","link":"https:\/\/sezginpil.com\/?product=molicel-inr-21700-p42a","title":{"rendered":"Molicel INR-21700-P42A"},"content":{"rendered":"<p><strong>Molicel INR-21700-P42A, <\/strong><\/p>\n<p>y\u00fcksek performansl\u0131 cihazlar i\u00e7in tasarlanm\u0131\u015f,\u00a04000-4200 mAh kapasite ve 45A s\u00fcrekli de\u015farj ak\u0131m\u0131 sunan, 3.6V-3.7V nominal voltaja sahip \u00fcst d\u00fczey lityum-iyon (Li-ion) bir pildir. Y\u00fcksek enerji yo\u011funlu\u011fu, -40\u00b0C&#8217;ye kadar \u00e7al\u0131\u015fabilme ve d\u00fc\u015f\u00fck i\u00e7 diren\u00e7 (10 m\u03a9) ile bilinir<\/p>\n<p><strong>Kullan\u0131m Alanlar\u0131:\u00a0<\/strong><\/p>\n<p>Y\u00fcksek g\u00fc\u00e7 gerektiren elektrikli el aletleri, vape\/elektronik sigaralar, elektrikli bisikletler (e-bike) ve dronlar.<\/p>\n","protected":false},"excerpt":{"rendered":"<p>Molicel INR-21700-P42A, y\u00fcksek performansl\u0131 cihazlar i\u00e7in tasarlanm\u0131\u015f,\u00a04000-4200 mAh kapasite ve 45A s\u00fcrekli de\u015farj ak\u0131m\u0131 sunan, 3.6V-3.7V nominal voltaja sahip \u00fcst [&hellip;]<\/p>\n","protected":false},"featured_media":356,"comment_status":"open","ping_status":"closed","template":"","meta":{"site-sidebar-layout":"default","site-content-layout":"","ast-site-content-layout":"default","site-content-style":"default","site-sidebar-style":"default","ast-global-header-display":"","ast-banner-title-visibility":"","ast-main-header-display":"","ast-hfb-above-header-display":"","ast-hfb-below-header-display":"","ast-hfb-mobile-header-display":"","site-post-title":"","ast-breadcrumbs-content":"","ast-featured-img":"","footer-sml-layout":"","ast-disable-related-posts":"","theme-transparent-header-meta":"default","adv-header-id-meta":"","stick-header-meta":"","header-above-stick-meta":"","header-main-stick-meta":"","header-below-stick-meta":"","astra-migrate-meta-layouts":"set","ast-page-background-enabled":"default","ast-page-background-meta":{"desktop":{"background-color":"var(--ast-global-color-5)","background-image":"","background-repeat":"repeat","background-position":"center center","background-size":"auto","background-attachment":"scroll","background-type":"","background-media":"","overlay-type":"","overlay-color":"","overlay-opacity":"","overlay-gradient":""},"tablet":{"background-color":"","background-image":"","background-repeat":"repeat","background-position":"center center","background-size":"auto","background-attachment":"scroll","background-type":"","background-media":"","overlay-type":"","overlay-color":"","overlay-opacity":"","overlay-gradient":""},"mobile":{"background-color":"","background-image":"","background-repeat":"repeat","background-position":"center center","background-size":"auto","background-attachment":"scroll","background-type":"","background-media":"","overlay-type":"","overlay-color":"","overlay-opacity":"","overlay-gradient":""}},"ast-content-background-meta":{"desktop":{"background-color":"var(--ast-global-color-4)","background-image":"","background-repeat":"repeat","background-position":"center center","background-size":"auto","background-attachment":"scroll","background-type":"","background-media":"","overlay-type":"","overlay-color":"","overlay-opacity":"","overlay-gradient":""},"tablet":{"background-color":"var(--ast-global-color-4)","background-image":"","background-repeat":"repeat","background-position":"center center","background-size":"auto","background-attachment":"scroll","background-type":"","background-media":"","overlay-type":"","overlay-color":"","overlay-opacity":"","overlay-gradient":""},"mobile":{"background-color":"var(--ast-global-color-4)","background-image":"","background-repeat":"repeat","background-position":"center center","background-size":"auto","background-attachment":"scroll","background-type":"","background-media":"","overlay-type":"","overlay-color":"","overlay-opacity":"","overlay-gradient":""}}},"product_brand":[],"product_cat":[32],"product_tag":[21,33],"class_list":{"0":"post-202","1":"product","2":"type-product","3":"status-publish","4":"has-post-thumbnail","6":"product_cat-molicel-21700-p42a","7":"product_tag-21","8":"product_tag-molicel-21700-p42a","9":"desktop-align-left","10":"tablet-align-left","11":"mobile-align-left","13":"first","14":"instock","15":"shipping-taxable","16":"purchasable","17":"product-type-simple"},"aioseo_notices":[],"_links":{"self":[{"href":"https:\/\/sezginpil.com\/index.php?rest_route=\/wp\/v2\/product\/202","targetHints":{"allow":["GET"]}}],"collection":[{"href":"https:\/\/sezginpil.com\/index.php?rest_route=\/wp\/v2\/product"}],"about":[{"href":"https:\/\/sezginpil.com\/index.php?rest_route=\/wp\/v2\/types\/product"}],"replies":[{"embeddable":true,"href":"https:\/\/sezginpil.com\/index.php?rest_route=%2Fwp%2Fv2%2Fcomments&post=202"}],"wp:featuredmedia":[{"embeddable":true,"href":"https:\/\/sezginpil.com\/index.php?rest_route=\/wp\/v2\/media\/356"}],"wp:attachment":[{"href":"https:\/\/sezginpil.com\/index.php?rest_route=%2Fwp%2Fv2%2Fmedia&parent=202"}],"wp:term":[{"taxonomy":"product_brand","embeddable":true,"href":"https:\/\/sezginpil.com\/index.php?rest_route=%2Fwp%2Fv2%2Fproduct_brand&post=202"},{"taxonomy":"product_cat","embeddable":true,"href":"https:\/\/sezginpil.com\/index.php?rest_route=%2Fwp%2Fv2%2Fproduct_cat&post=202"},{"taxonomy":"product_tag","embeddable":true,"href":"https:\/\/sezginpil.com\/index.php?rest_route=%2Fwp%2Fv2%2Fproduct_tag&post=202"}],"curies":[{"name":"wp","href":"https:\/\/api.w.org\/{rel}","templated":true}]}}