{"id":201,"date":"2026-04-03T23:08:25","date_gmt":"2026-04-03T23:08:25","guid":{"rendered":"https:\/\/sezginpil.com\/?post_type=product&#038;p=201"},"modified":"2026-04-05T23:01:09","modified_gmt":"2026-04-05T23:01:09","slug":"molicel-inr-18650-p28a","status":"publish","type":"product","link":"https:\/\/sezginpil.com\/?product=molicel-inr-18650-p28a","title":{"rendered":"Molicel INR-18650-P28A"},"content":{"rendered":"<p><strong>Molicel INR-18650-P28A, <\/strong><\/p>\n<p>y\u00fcksek ak\u0131m gerektiren cihazlar i\u00e7in tasarlanm\u0131\u015f,\u00a02800mAh kapasiteli ve 35A s\u00fcrekli de\u015farj sunan, 3.6V-3.7V Li-ion \u015farjl\u0131 pildir. Tayvan \u00fcretimi bu h\u00fccre, y\u00fcksek enerji yo\u011funlu\u011fu, d\u00fc\u015f\u00fck i\u00e7 diren\u00e7 ve uzun d\u00f6ng\u00fc \u00f6mr\u00fc (yakla\u015f\u0131k 500 d\u00f6ng\u00fc) ile bilinir.<\/p>\n<p><strong>Kullan\u0131m Alan\u0131:<\/strong><\/p>\n<p>Y\u00fcksek g\u00fc\u00e7l\u00fc el fenerleri, elektronik sigaralar (modlar), ta\u015f\u0131nabilir cihazlar ve end\u00fcstriyel uygulamalar.<\/p>\n","protected":false},"excerpt":{"rendered":"<p>Molicel INR-18650-P28A, y\u00fcksek ak\u0131m gerektiren cihazlar i\u00e7in tasarlanm\u0131\u015f,\u00a02800mAh kapasiteli ve 35A s\u00fcrekli de\u015farj sunan, 3.6V-3.7V Li-ion \u015farjl\u0131 pildir. Tayvan \u00fcretimi [&hellip;]<\/p>\n","protected":false},"featured_media":358,"comment_status":"open","ping_status":"closed","template":"","meta":{"site-sidebar-layout":"default","site-content-layout":"","ast-site-content-layout":"default","site-content-style":"default","site-sidebar-style":"default","ast-global-header-display":"","ast-banner-title-visibility":"","ast-main-header-display":"","ast-hfb-above-header-display":"","ast-hfb-below-header-display":"","ast-hfb-mobile-header-display":"","site-post-title":"","ast-breadcrumbs-content":"","ast-featured-img":"","footer-sml-layout":"","ast-disable-related-posts":"","theme-transparent-header-meta":"default","adv-header-id-meta":"","stick-header-meta":"","header-above-stick-meta":"","header-main-stick-meta":"","header-below-stick-meta":"","astra-migrate-meta-layouts":"set","ast-page-background-enabled":"default","ast-page-background-meta":{"desktop":{"background-color":"var(--ast-global-color-5)","background-image":"","background-repeat":"repeat","background-position":"center center","background-size":"auto","background-attachment":"scroll","background-type":"","background-media":"","overlay-type":"","overlay-color":"","overlay-opacity":"","overlay-gradient":""},"tablet":{"background-color":"","background-image":"","background-repeat":"repeat","background-position":"center center","background-size":"auto","background-attachment":"scroll","background-type":"","background-media":"","overlay-type":"","overlay-color":"","overlay-opacity":"","overlay-gradient":""},"mobile":{"background-color":"","background-image":"","background-repeat":"repeat","background-position":"center center","background-size":"auto","background-attachment":"scroll","background-type":"","background-media":"","overlay-type":"","overlay-color":"","overlay-opacity":"","overlay-gradient":""}},"ast-content-background-meta":{"desktop":{"background-color":"var(--ast-global-color-4)","background-image":"","background-repeat":"repeat","background-position":"center center","background-size":"auto","background-attachment":"scroll","background-type":"","background-media":"","overlay-type":"","overlay-color":"","overlay-opacity":"","overlay-gradient":""},"tablet":{"background-color":"var(--ast-global-color-4)","background-image":"","background-repeat":"repeat","background-position":"center center","background-size":"auto","background-attachment":"scroll","background-type":"","background-media":"","overlay-type":"","overlay-color":"","overlay-opacity":"","overlay-gradient":""},"mobile":{"background-color":"var(--ast-global-color-4)","background-image":"","background-repeat":"repeat","background-position":"center center","background-size":"auto","background-attachment":"scroll","background-type":"","background-media":"","overlay-type":"","overlay-color":"","overlay-opacity":"","overlay-gradient":""}}},"product_brand":[],"product_cat":[30],"product_tag":[21,31],"class_list":{"0":"post-201","1":"product","2":"type-product","3":"status-publish","4":"has-post-thumbnail","6":"product_cat-molicel-p28a","7":"product_tag-21","8":"product_tag-molicel-p28a","9":"desktop-align-left","10":"tablet-align-left","11":"mobile-align-left","13":"first","14":"instock","15":"shipping-taxable","16":"purchasable","17":"product-type-simple"},"aioseo_notices":[],"_links":{"self":[{"href":"https:\/\/sezginpil.com\/index.php?rest_route=\/wp\/v2\/product\/201","targetHints":{"allow":["GET"]}}],"collection":[{"href":"https:\/\/sezginpil.com\/index.php?rest_route=\/wp\/v2\/product"}],"about":[{"href":"https:\/\/sezginpil.com\/index.php?rest_route=\/wp\/v2\/types\/product"}],"replies":[{"embeddable":true,"href":"https:\/\/sezginpil.com\/index.php?rest_route=%2Fwp%2Fv2%2Fcomments&post=201"}],"wp:featuredmedia":[{"embeddable":true,"href":"https:\/\/sezginpil.com\/index.php?rest_route=\/wp\/v2\/media\/358"}],"wp:attachment":[{"href":"https:\/\/sezginpil.com\/index.php?rest_route=%2Fwp%2Fv2%2Fmedia&parent=201"}],"wp:term":[{"taxonomy":"product_brand","embeddable":true,"href":"https:\/\/sezginpil.com\/index.php?rest_route=%2Fwp%2Fv2%2Fproduct_brand&post=201"},{"taxonomy":"product_cat","embeddable":true,"href":"https:\/\/sezginpil.com\/index.php?rest_route=%2Fwp%2Fv2%2Fproduct_cat&post=201"},{"taxonomy":"product_tag","embeddable":true,"href":"https:\/\/sezginpil.com\/index.php?rest_route=%2Fwp%2Fv2%2Fproduct_tag&post=201"}],"curies":[{"name":"wp","href":"https:\/\/api.w.org\/{rel}","templated":true}]}}