{"id":199,"date":"2026-04-03T22:55:20","date_gmt":"2026-04-03T22:55:20","guid":{"rendered":"https:\/\/sezginpil.com\/?post_type=product&#038;p=199"},"modified":"2026-04-05T23:02:30","modified_gmt":"2026-04-05T23:02:30","slug":"sony-murata-21700-vtc6a","status":"publish","type":"product","link":"https:\/\/sezginpil.com\/?product=sony-murata-21700-vtc6a","title":{"rendered":"Sony (Murata)\u00a021700 VTC6A,"},"content":{"rendered":"<p><strong>Sony (Murata)\u00a021700 VTC6A<\/strong>,<\/p>\n<p>21700 boyutundaki piller aras\u0131nda en y\u00fcksek performansl\u0131 ve dengeli h\u00fccrelerden biri olarak kabul edilir. 18650 serisindeki VTC6&#8217;n\u0131n daha b\u00fcy\u00fck, daha y\u00fcksek kapasiteli ve daha g\u00fc\u00e7l\u00fc bir versiyonudur<\/p>\n<p><strong>Kullan\u0131m Alan\u0131:<\/strong><\/p>\n<p><strong>Elektrikli Ula\u015f\u0131m:<\/strong>\u00a0Y\u00fcksek performansl\u0131 elektrikli scooterlar, elektrikli bisikletler ve elektrikli kaykaylar\u0131n batarya paketlerinde ana h\u00fccre olarak kullan\u0131l\u0131r.<\/p>\n<p><strong>End\u00fcstriyel El Aletleri:<\/strong>\u00a0A\u011f\u0131r hizmet tipi kablosuz matkaplar, ta\u015flama makineleri ve testereler gibi anl\u0131k \u00e7ok y\u00fcksek g\u00fc\u00e7 gerektiren cihazlar i\u00e7in idealdir.<\/p>\n","protected":false},"excerpt":{"rendered":"<p>Sony (Murata)\u00a021700 VTC6A, 21700 boyutundaki piller aras\u0131nda en y\u00fcksek performansl\u0131 ve dengeli h\u00fccrelerden biri olarak kabul edilir. 18650 serisindeki VTC6&#8217;n\u0131n [&hellip;]<\/p>\n","protected":false},"featured_media":363,"comment_status":"open","ping_status":"closed","template":"","meta":{"site-sidebar-layout":"default","site-content-layout":"","ast-site-content-layout":"default","site-content-style":"default","site-sidebar-style":"default","ast-global-header-display":"","ast-banner-title-visibility":"","ast-main-header-display":"","ast-hfb-above-header-display":"","ast-hfb-below-header-display":"","ast-hfb-mobile-header-display":"","site-post-title":"","ast-breadcrumbs-content":"","ast-featured-img":"","footer-sml-layout":"","ast-disable-related-posts":"","theme-transparent-header-meta":"default","adv-header-id-meta":"","stick-header-meta":"","header-above-stick-meta":"","header-main-stick-meta":"","header-below-stick-meta":"","astra-migrate-meta-layouts":"set","ast-page-background-enabled":"default","ast-page-background-meta":{"desktop":{"background-color":"var(--ast-global-color-5)","background-image":"","background-repeat":"repeat","background-position":"center center","background-size":"auto","background-attachment":"scroll","background-type":"","background-media":"","overlay-type":"","overlay-color":"","overlay-opacity":"","overlay-gradient":""},"tablet":{"background-color":"","background-image":"","background-repeat":"repeat","background-position":"center center","background-size":"auto","background-attachment":"scroll","background-type":"","background-media":"","overlay-type":"","overlay-color":"","overlay-opacity":"","overlay-gradient":""},"mobile":{"background-color":"","background-image":"","background-repeat":"repeat","background-position":"center center","background-size":"auto","background-attachment":"scroll","background-type":"","background-media":"","overlay-type":"","overlay-color":"","overlay-opacity":"","overlay-gradient":""}},"ast-content-background-meta":{"desktop":{"background-color":"var(--ast-global-color-4)","background-image":"","background-repeat":"repeat","background-position":"center center","background-size":"auto","background-attachment":"scroll","background-type":"","background-media":"","overlay-type":"","overlay-color":"","overlay-opacity":"","overlay-gradient":""},"tablet":{"background-color":"var(--ast-global-color-4)","background-image":"","background-repeat":"repeat","background-position":"center center","background-size":"auto","background-attachment":"scroll","background-type":"","background-media":"","overlay-type":"","overlay-color":"","overlay-opacity":"","overlay-gradient":""},"mobile":{"background-color":"var(--ast-global-color-4)","background-image":"","background-repeat":"repeat","background-position":"center center","background-size":"auto","background-attachment":"scroll","background-type":"","background-media":"","overlay-type":"","overlay-color":"","overlay-opacity":"","overlay-gradient":""}}},"product_brand":[],"product_cat":[18],"product_tag":[21,19,28],"class_list":{"0":"post-199","1":"product","2":"type-product","3":"status-publish","4":"has-post-thumbnail","6":"product_cat-sony","7":"product_tag-21","8":"product_tag-sony","9":"product_tag-vtc6a","10":"desktop-align-left","11":"tablet-align-left","12":"mobile-align-left","14":"first","15":"instock","16":"shipping-taxable","17":"purchasable","18":"product-type-simple"},"aioseo_notices":[],"_links":{"self":[{"href":"https:\/\/sezginpil.com\/index.php?rest_route=\/wp\/v2\/product\/199","targetHints":{"allow":["GET"]}}],"collection":[{"href":"https:\/\/sezginpil.com\/index.php?rest_route=\/wp\/v2\/product"}],"about":[{"href":"https:\/\/sezginpil.com\/index.php?rest_route=\/wp\/v2\/types\/product"}],"replies":[{"embeddable":true,"href":"https:\/\/sezginpil.com\/index.php?rest_route=%2Fwp%2Fv2%2Fcomments&post=199"}],"wp:featuredmedia":[{"embeddable":true,"href":"https:\/\/sezginpil.com\/index.php?rest_route=\/wp\/v2\/media\/363"}],"wp:attachment":[{"href":"https:\/\/sezginpil.com\/index.php?rest_route=%2Fwp%2Fv2%2Fmedia&parent=199"}],"wp:term":[{"taxonomy":"product_brand","embeddable":true,"href":"https:\/\/sezginpil.com\/index.php?rest_route=%2Fwp%2Fv2%2Fproduct_brand&post=199"},{"taxonomy":"product_cat","embeddable":true,"href":"https:\/\/sezginpil.com\/index.php?rest_route=%2Fwp%2Fv2%2Fproduct_cat&post=199"},{"taxonomy":"product_tag","embeddable":true,"href":"https:\/\/sezginpil.com\/index.php?rest_route=%2Fwp%2Fv2%2Fproduct_tag&post=199"}],"curies":[{"name":"wp","href":"https:\/\/api.w.org\/{rel}","templated":true}]}}