{"id":118,"date":"2026-04-02T23:09:32","date_gmt":"2026-04-02T23:09:32","guid":{"rendered":"https:\/\/sezginpil.com\/?page_id=118"},"modified":"2026-04-17T00:28:30","modified_gmt":"2026-04-17T00:28:30","slug":"lifepo-serisi","status":"publish","type":"page","link":"https:\/\/sezginpil.com\/?page_id=118","title":{"rendered":"LifePo4 Serisi"},"content":{"rendered":"\t\t<div data-elementor-type=\"wp-page\" data-elementor-id=\"118\" class=\"elementor elementor-118\" data-elementor-post-type=\"page\">\n\t\t\t\t<div class=\"elementor-element elementor-element-f51bb11 e-flex e-con-boxed e-con e-parent\" data-id=\"f51bb11\" data-element_type=\"container\" data-e-type=\"container\">\n\t\t\t\t\t<div class=\"e-con-inner\">\n\t\t\t\t<div class=\"elementor-element elementor-element-e1f6fae elementor-widget elementor-widget-image\" data-id=\"e1f6fae\" data-element_type=\"widget\" data-e-type=\"widget\" data-widget_type=\"image.default\">\n\t\t\t\t\t\t\t\t\t\t\t\t\t\t\t<img fetchpriority=\"high\" decoding=\"async\" width=\"748\" height=\"993\" src=\"https:\/\/sezginpil.com\/wp-content\/uploads\/2026\/04\/Lifepo-Prizmatik-.png\" class=\"attachment-large size-large wp-image-469\" alt=\"\" srcset=\"https:\/\/sezginpil.com\/wp-content\/uploads\/2026\/04\/Lifepo-Prizmatik-.png 748w, https:\/\/sezginpil.com\/wp-content\/uploads\/2026\/04\/Lifepo-Prizmatik--226x300.png 226w, https:\/\/sezginpil.com\/wp-content\/uploads\/2026\/04\/Lifepo-Prizmatik--600x797.png 600w\" sizes=\"(max-width: 748px) 100vw, 748px\" \/>\t\t\t\t\t\t\t\t\t\t\t\t\t\t\t<\/div>\n\t\t\t\t\t<\/div>\n\t\t\t\t<\/div>\n\t\t<div class=\"elementor-element elementor-element-d7f2591 e-flex e-con-boxed e-con e-parent\" data-id=\"d7f2591\" data-element_type=\"container\" data-e-type=\"container\">\n\t\t\t\t\t<div class=\"e-con-inner\">\n\t\t<div class=\"elementor-element elementor-element-f257d0b e-con-full e-flex e-con e-child\" data-id=\"f257d0b\" data-element_type=\"container\" data-e-type=\"container\">\n\t\t<div class=\"elementor-element elementor-element-0fd6156 e-con-full e-flex e-con e-child\" data-id=\"0fd6156\" data-element_type=\"container\" data-e-type=\"container\">\n\t\t<div class=\"elementor-element elementor-element-d0612a9 e-con-full e-flex e-con e-child\" data-id=\"d0612a9\" data-element_type=\"container\" data-e-type=\"container\">\n\t\t\t\t<div class=\"elementor-element elementor-element-e7d81be elementor-widget elementor-widget-heading\" data-id=\"e7d81be\" data-element_type=\"widget\" data-e-type=\"widget\" data-widget_type=\"heading.default\">\n\t\t\t\t\t<h2 class=\"elementor-heading-title elementor-size-default\">Teknik \u00d6zellikleri:<\/h2>\t\t\t\t<\/div>\n\t\t\t\t<div class=\"elementor-element elementor-element-289ec01 elementor-widget elementor-widget-text-editor\" data-id=\"289ec01\" data-element_type=\"widget\" data-e-type=\"widget\" data-widget_type=\"text-editor.default\">\n\t\t\t\t\t\t\t\t\t<h2 data-section-id=\"9ju74q\" data-start=\"0\" data-end=\"42\">\ud83d\udd0b LiFePO4 (Lityum Demir Fosfat) Nedir?<\/h2><p data-start=\"44\" data-end=\"223\"><strong data-start=\"44\" data-end=\"55\">LiFePO4<\/strong>, yani <strong data-start=\"62\" data-end=\"85\">lityum demir fosfat<\/strong>, bir t\u00fcr <strong data-start=\"95\" data-end=\"125\">lityum-iyon pil kimyas\u0131d\u0131r<\/strong>. Di\u011fer Li-ion pillere g\u00f6re <strong data-start=\"153\" data-end=\"202\">daha g\u00fcvenli, daha uzun \u00f6m\u00fcrl\u00fc ve daha stabil<\/strong> olmas\u0131yla \u00f6ne \u00e7\u0131kar.<\/p><hr data-start=\"225\" data-end=\"228\" \/><h2 data-section-id=\"1jbmwv\" data-start=\"230\" data-end=\"253\">\u2699\ufe0f Temel \u00d6zellikleri<\/h2><h3 data-section-id=\"zesfog\" data-start=\"255\" data-end=\"298\">\ud83d\udd39 1. D\u00fc\u015f\u00fck voltaj ama y\u00fcksek stabilite<\/h3><ul data-start=\"299\" data-end=\"379\"><li data-section-id=\"iixipz\" data-start=\"299\" data-end=\"325\">Nominal voltaj: <strong data-start=\"317\" data-end=\"325\">3.2V<\/strong><\/li><li data-section-id=\"1me3atk\" data-start=\"326\" data-end=\"351\">Tam dolu: <strong data-start=\"338\" data-end=\"351\">3.6\u20133.65V<\/strong><\/li><li data-section-id=\"1jsrdfm\" data-start=\"352\" data-end=\"379\">De\u015farj alt s\u0131n\u0131r: ~2.5V<\/li><\/ul><p data-start=\"381\" data-end=\"442\">\ud83d\udc49 Klasik Li-ion (3.7V)\u2019dan biraz daha d\u00fc\u015f\u00fck ama daha stabil.<\/p><hr data-start=\"444\" data-end=\"447\" \/><h3 data-section-id=\"1p1ulk0\" data-start=\"449\" data-end=\"475\">\ud83d\udd39 2. \u00c7ok uzun \u00f6m\u00fcr \ud83d\udd01<\/h3><ul data-start=\"476\" data-end=\"545\"><li data-section-id=\"1ogm655\" data-start=\"476\" data-end=\"507\"><strong data-start=\"478\" data-end=\"507\">2000 \u2013 5000+ \u015farj d\u00f6ng\u00fcs\u00fc<\/strong><\/li><li data-section-id=\"ywb5b3\" data-start=\"508\" data-end=\"545\">Do\u011fru kullan\u0131mda 10 y\u0131la kadar \u00f6m\u00fcr<\/li><li data-section-id=\"ywb5b3\" data-start=\"508\" data-end=\"545\"><h3 data-section-id=\"htyx8w\" data-start=\"610\" data-end=\"639\">\ud83d\udd39 3. Y\u00fcksek g\u00fcvenlik \ud83d\udd25\u274c<\/h3><ul data-start=\"640\" data-end=\"740\"><li data-section-id=\"8e5kgf\" data-start=\"640\" data-end=\"674\">A\u015f\u0131r\u0131 \u0131s\u0131nmaya kar\u015f\u0131 dayan\u0131kl\u0131<\/li><li data-section-id=\"xomc0k\" data-start=\"675\" data-end=\"709\">Patlama\/yang\u0131n riski \u00e7ok d\u00fc\u015f\u00fck<\/li><li data-section-id=\"fihqxc\" data-start=\"710\" data-end=\"740\">Termal ka\u00e7ak riski minimum<\/li><\/ul><p data-start=\"742\" data-end=\"779\">\ud83d\udc49 En g\u00fcvenli pil kimyalar\u0131ndan biri.<\/p><\/li><\/ul>\t\t\t\t\t\t\t\t<\/div>\n\t\t\t\t<div class=\"elementor-element elementor-element-0012087 elementor-widget elementor-widget-text-editor\" data-id=\"0012087\" data-element_type=\"widget\" data-e-type=\"widget\" data-widget_type=\"text-editor.default\">\n\t\t\t\t\t\t\t\t\t<h3 data-path-to-node=\"8\">Kullan\u0131m Alanlar\u0131:<\/h3><h3 data-section-id=\"rxu0rj\" data-start=\"1279\" data-end=\"1307\">\ud83d\ude97 1. Elektrikli ara\u00e7lar<\/h3><ul data-start=\"1308\" data-end=\"1384\"><li data-section-id=\"1dcoym4\" data-start=\"1308\" data-end=\"1366\">Elektrikli otomobil (\u00f6zellikle g\u00fcvenlik odakl\u0131 modeller)<\/li><li data-section-id=\"g2b52y\" data-start=\"1367\" data-end=\"1384\">E-bike, scooter<\/li><\/ul><ul><li style=\"list-style-type: none;\"><ul data-start=\"1571\" data-end=\"1647\"><li data-section-id=\"q7aju9\" data-start=\"1571\" data-end=\"1582\">Powerbank<\/li><li data-section-id=\"19xdofm\" data-start=\"1583\" data-end=\"1594\">El feneri<\/li><li data-section-id=\"1gdkgno\" data-start=\"1595\" data-end=\"1647\">Ta\u015f\u0131nabilir cihazlar<\/li><li data-section-id=\"1gdkgno\" data-start=\"1595\" data-end=\"1647\"><h3 data-section-id=\"1n1i470\" data-start=\"1424\" data-end=\"1478\">\u2600\ufe0f 2. G\u00fcne\u015f enerji sistemleri (en yayg\u0131n kullan\u0131m)<\/h3><ul data-start=\"1479\" data-end=\"1553\"><li data-section-id=\"qsybwz\" data-start=\"1479\" data-end=\"1506\">Solar depolama sistemleri<\/li><li data-section-id=\"wml2zg\" data-start=\"1507\" data-end=\"1527\">Off-grid sistemler<\/li><li data-section-id=\"sot5mn\" data-start=\"1528\" data-end=\"1553\">Ev tipi enerji depolama<\/li><li data-section-id=\"sot5mn\" data-start=\"1528\" data-end=\"1553\">\ud83d\udc49 Kur-\u00e7al\u0131\u015ft\u0131r ve uzun y\u0131llar kullan\u0131m<\/li><li data-section-id=\"sot5mn\" data-start=\"1528\" data-end=\"1553\"><h3 data-section-id=\"c84n98\" data-start=\"1601\" data-end=\"1636\">\ud83d\udd0b 3. Karavan &amp; marin sistemler<\/h3><ul data-start=\"1637\" data-end=\"1683\"><li data-section-id=\"z23mgc\" data-start=\"1637\" data-end=\"1656\">Karavan ak\u00fcleri<\/li><li data-section-id=\"1yx7kjh\" data-start=\"1657\" data-end=\"1683\">Tekne \/ yat sistemleri<\/li><\/ul><p data-start=\"1685\" data-end=\"1724\">\ud83d\udc49 Jel ve AGM ak\u00fclere en iyi alternatif<\/p><\/li><li data-section-id=\"sot5mn\" data-start=\"1528\" data-end=\"1553\"><h2 data-section-id=\"1btqm5a\" data-start=\"2028\" data-end=\"2057\">\ud83d\udd0c Nerede tercih edilmeli?<\/h2><p data-start=\"2059\" data-end=\"2173\">\u2714 Uzun \u00f6m\u00fcr \u00f6nemliyse<br data-start=\"2080\" data-end=\"2083\" \/>\u2714 G\u00fcvenlik kritikse<br data-start=\"2102\" data-end=\"2105\" \/>\u2714 S\u00fcrekli \u015farj-de\u015farj varsa<br data-start=\"2132\" data-end=\"2135\" \/>\u2714 G\u00fcne\u015f enerjisi sistemi kurulacaksa<\/p><p data-start=\"2175\" data-end=\"2241\">\u274c K\u00fc\u00e7\u00fck ve hafif cihaz gerekiyorsa (telefon, laptop) \u2192 uygun de\u011fil<\/p><\/li><li data-section-id=\"sot5mn\" data-start=\"1528\" data-end=\"1553\"><h2 data-section-id=\"nrspey\" data-start=\"2248\" data-end=\"2280\">\u26a0\ufe0f Dikkat edilmesi gerekenler<\/h2><ul data-start=\"2281\" data-end=\"2388\"><li data-section-id=\"175snrf\" data-start=\"2281\" data-end=\"2321\">\u00d6zel <strong data-start=\"2288\" data-end=\"2311\">LiFePO4 \u015farj cihaz\u0131<\/strong> gerekir<\/li><li data-section-id=\"1s2aj8w\" data-start=\"2322\" data-end=\"2344\">BMS kullan\u0131m\u0131 \u015fart<\/li><li data-section-id=\"1bi70tj\" data-start=\"2345\" data-end=\"2388\">Li-ion \u015farj cihaz\u0131 ile kar\u0131\u015ft\u0131r\u0131lmamal\u0131<\/li><\/ul><\/li><\/ul><\/li><\/ul><\/li><\/ul>\t\t\t\t\t\t\t\t<\/div>\n\t\t\t\t<\/div>\n\t\t\t\t<\/div>\n\t\t\t\t<\/div>\n\t\t\t\t\t<\/div>\n\t\t\t\t<\/div>\n\t\t\t\t<\/div>\n\t\t","protected":false},"excerpt":{"rendered":"<p>Teknik \u00d6zellikleri: \ud83d\udd0b LiFePO4 (Lityum Demir Fosfat) Nedir? LiFePO4, yani lityum demir fosfat, bir t\u00fcr lityum-iyon pil kimyas\u0131d\u0131r. Di\u011fer Li-ion [&hellip;]<\/p>\n","protected":false},"author":1,"featured_media":0,"parent":0,"menu_order":0,"comment_status":"closed","ping_status":"closed","template":"","meta":{"site-sidebar-layout":"no-sidebar","site-content-layout":"","ast-site-content-layout":"full-width-container","site-content-style":"default","site-sidebar-style":"default","ast-global-header-display":"","ast-banner-title-visibility":"","ast-main-header-display":"","ast-hfb-above-header-display":"","ast-hfb-below-header-display":"","ast-hfb-mobile-header-display":"","site-post-title":"","ast-breadcrumbs-content":"","ast-featured-img":"disabled","footer-sml-layout":"","ast-disable-related-posts":"","theme-transparent-header-meta":"","adv-header-id-meta":"","stick-header-meta":"","header-above-stick-meta":"","header-main-stick-meta":"","header-below-stick-meta":"","astra-migrate-meta-layouts":"default","ast-page-background-enabled":"default","ast-page-background-meta":{"desktop":{"background-color":"var(--ast-global-color-5)","background-image":"","background-repeat":"repeat","background-position":"center center","background-size":"auto","background-attachment":"scroll","background-type":"","background-media":"","overlay-type":"","overlay-color":"","overlay-opacity":"","overlay-gradient":""},"tablet":{"background-color":"","background-image":"","background-repeat":"repeat","background-position":"center center","background-size":"auto","background-attachment":"scroll","background-type":"","background-media":"","overlay-type":"","overlay-color":"","overlay-opacity":"","overlay-gradient":""},"mobile":{"background-color":"","background-image":"","background-repeat":"repeat","background-position":"center center","background-size":"auto","background-attachment":"scroll","background-type":"","background-media":"","overlay-type":"","overlay-color":"","overlay-opacity":"","overlay-gradient":""}},"ast-content-background-meta":{"desktop":{"background-color":"var(--ast-global-color-4)","background-image":"","background-repeat":"repeat","background-position":"center center","background-size":"auto","background-attachment":"scroll","background-type":"","background-media":"","overlay-type":"","overlay-color":"","overlay-opacity":"","overlay-gradient":""},"tablet":{"background-color":"var(--ast-global-color-4)","background-image":"","background-repeat":"repeat","background-position":"center center","background-size":"auto","background-attachment":"scroll","background-type":"","background-media":"","overlay-type":"","overlay-color":"","overlay-opacity":"","overlay-gradient":""},"mobile":{"background-color":"var(--ast-global-color-4)","background-image":"","background-repeat":"repeat","background-position":"center center","background-size":"auto","background-attachment":"scroll","background-type":"","background-media":"","overlay-type":"","overlay-color":"","overlay-opacity":"","overlay-gradient":""}},"footnotes":""},"class_list":["post-118","page","type-page","status-publish","hentry"],"aioseo_notices":[],"_links":{"self":[{"href":"https:\/\/sezginpil.com\/index.php?rest_route=\/wp\/v2\/pages\/118","targetHints":{"allow":["GET"]}}],"collection":[{"href":"https:\/\/sezginpil.com\/index.php?rest_route=\/wp\/v2\/pages"}],"about":[{"href":"https:\/\/sezginpil.com\/index.php?rest_route=\/wp\/v2\/types\/page"}],"author":[{"embeddable":true,"href":"https:\/\/sezginpil.com\/index.php?rest_route=\/wp\/v2\/users\/1"}],"replies":[{"embeddable":true,"href":"https:\/\/sezginpil.com\/index.php?rest_route=%2Fwp%2Fv2%2Fcomments&post=118"}],"version-history":[{"count":11,"href":"https:\/\/sezginpil.com\/index.php?rest_route=\/wp\/v2\/pages\/118\/revisions"}],"predecessor-version":[{"id":516,"href":"https:\/\/sezginpil.com\/index.php?rest_route=\/wp\/v2\/pages\/118\/revisions\/516"}],"wp:attachment":[{"href":"https:\/\/sezginpil.com\/index.php?rest_route=%2Fwp%2Fv2%2Fmedia&parent=118"}],"curies":[{"name":"wp","href":"https:\/\/api.w.org\/{rel}","templated":true}]}}