{"id":115,"date":"2026-04-02T23:06:42","date_gmt":"2026-04-02T23:06:42","guid":{"rendered":"https:\/\/sezginpil.com\/?page_id=115"},"modified":"2026-04-17T00:39:56","modified_gmt":"2026-04-17T00:39:56","slug":"orion-serisi","status":"publish","type":"page","link":"https:\/\/sezginpil.com\/?page_id=115","title":{"rendered":"Orion Serisi"},"content":{"rendered":"\t\t<div data-elementor-type=\"wp-page\" data-elementor-id=\"115\" class=\"elementor elementor-115\" data-elementor-post-type=\"page\">\n\t\t\t\t<div class=\"elementor-element elementor-element-8571045 e-flex e-con-boxed e-con e-parent\" data-id=\"8571045\" data-element_type=\"container\" data-e-type=\"container\">\n\t\t\t\t\t<div class=\"e-con-inner\">\n\t\t\t\t<div class=\"elementor-element elementor-element-9176a0b elementor-widget elementor-widget-image\" data-id=\"9176a0b\" data-element_type=\"widget\" data-e-type=\"widget\" data-widget_type=\"image.default\">\n\t\t\t\t\t\t\t\t\t\t\t\t\t\t\t<img fetchpriority=\"high\" decoding=\"async\" width=\"1019\" height=\"1024\" src=\"https:\/\/sezginpil.com\/wp-content\/uploads\/2026\/04\/Orion-14500-INR-900mAh-1019x1024.png\" class=\"attachment-large size-large wp-image-470\" alt=\"\" srcset=\"https:\/\/sezginpil.com\/wp-content\/uploads\/2026\/04\/Orion-14500-INR-900mAh-1019x1024.png 1019w, https:\/\/sezginpil.com\/wp-content\/uploads\/2026\/04\/Orion-14500-INR-900mAh-300x300.png 300w, https:\/\/sezginpil.com\/wp-content\/uploads\/2026\/04\/Orion-14500-INR-900mAh-150x150.png 150w, https:\/\/sezginpil.com\/wp-content\/uploads\/2026\/04\/Orion-14500-INR-900mAh-768x772.png 768w, https:\/\/sezginpil.com\/wp-content\/uploads\/2026\/04\/Orion-14500-INR-900mAh-600x603.png 600w, https:\/\/sezginpil.com\/wp-content\/uploads\/2026\/04\/Orion-14500-INR-900mAh-100x100.png 100w, https:\/\/sezginpil.com\/wp-content\/uploads\/2026\/04\/Orion-14500-INR-900mAh.png 1024w\" sizes=\"(max-width: 1019px) 100vw, 1019px\" \/>\t\t\t\t\t\t\t\t\t\t\t\t\t\t\t<\/div>\n\t\t\t\t\t<\/div>\n\t\t\t\t<\/div>\n\t\t<div class=\"elementor-element elementor-element-f27fc2e e-flex e-con-boxed e-con e-parent\" data-id=\"f27fc2e\" data-element_type=\"container\" data-e-type=\"container\">\n\t\t\t\t\t<div class=\"e-con-inner\">\n\t\t<div class=\"elementor-element elementor-element-156aa05 e-con-full e-flex e-con e-child\" data-id=\"156aa05\" data-element_type=\"container\" data-e-type=\"container\">\n\t\t<div class=\"elementor-element elementor-element-90c58e3 e-con-full e-flex e-con e-child\" data-id=\"90c58e3\" data-element_type=\"container\" data-e-type=\"container\">\n\t\t<div class=\"elementor-element elementor-element-355b928 e-con-full e-flex e-con e-child\" data-id=\"355b928\" data-element_type=\"container\" data-e-type=\"container\">\n\t\t<div class=\"elementor-element elementor-element-bc15c74 e-con-full e-flex e-con e-child\" data-id=\"bc15c74\" data-element_type=\"container\" data-e-type=\"container\">\n\t\t<div class=\"elementor-element elementor-element-844c793 e-con-full e-flex e-con e-child\" data-id=\"844c793\" data-element_type=\"container\" data-e-type=\"container\">\n\t\t\t\t<div class=\"elementor-element elementor-element-2a33a93 elementor-widget elementor-widget-heading\" data-id=\"2a33a93\" data-element_type=\"widget\" data-e-type=\"widget\" data-widget_type=\"heading.default\">\n\t\t\t\t\t<h2 class=\"elementor-heading-title elementor-size-default\">Teknik \u00d6zellikleri:<\/h2>\t\t\t\t<\/div>\n\t\t\t\t<div class=\"elementor-element elementor-element-1af1c51 elementor-widget elementor-widget-text-editor\" data-id=\"1af1c51\" data-element_type=\"widget\" data-e-type=\"widget\" data-widget_type=\"text-editor.default\">\n\t\t\t\t\t\t\t\t\t<h2 data-start=\"0\" data-end=\"35\">\ud83d\udd0b Orion 18650 Pil Serisi Nedir?<\/h2><p data-start=\"37\" data-end=\"315\"><strong data-start=\"37\" data-end=\"63\">Orion 18650 pil serisi<\/strong>, genellikle <strong data-start=\"76\" data-end=\"103\">fiyat\/performans odakl\u0131<\/strong>, hem <strong data-start=\"109\" data-end=\"164\">g\u00fcnl\u00fck kullan\u0131m hem de orta\u2013y\u00fcksek g\u00fc\u00e7 uygulamalar\u0131<\/strong> i\u00e7in \u00fcretilmi\u015f lityum-iyon (Li-ion) h\u00fccrelerdir. T\u00fcrkiye\u2019de olduk\u00e7a yayg\u0131n bulunur ve \u00f6zellikle <strong data-start=\"261\" data-end=\"299\">batarya paketleme (pack) i\u015flerinde<\/strong> s\u0131k kullan\u0131l\u0131r.<\/p><hr data-start=\"317\" data-end=\"320\" \/><h2 data-start=\"322\" data-end=\"353\">\u2699\ufe0f Teknik \u00d6zellikler (Genel)<\/h2><p data-start=\"355\" data-end=\"405\">Orion 18650 modelleri farkl\u0131 varyantlara sahiptir:<\/p><ul data-start=\"407\" data-end=\"775\"><li data-start=\"407\" data-end=\"475\"><strong data-start=\"409\" data-end=\"420\">Voltaj:<\/strong> 3.7V (nominal)<\/li><li data-start=\"476\" data-end=\"551\"><strong data-start=\"478\" data-end=\"491\">Kapasite:<\/strong> 2000 mAh \u2013 2600 mAh<\/li><li data-start=\"552\" data-end=\"633\"><strong data-start=\"554\" data-end=\"564\">Boyut:<\/strong> 18mm x 65mm (standart 18650)<\/li><li data-start=\"634\" data-end=\"704\"><strong data-start=\"636\" data-end=\"659\">\u015earj kesme voltaj\u0131:<\/strong> 4.2V<\/li><li data-start=\"705\" data-end=\"775\"><strong data-start=\"707\" data-end=\"729\">De\u015farj alt s\u0131n\u0131r\u0131:<\/strong> ~2.5V<\/li><\/ul><p data-start=\"777\" data-end=\"863\">\ud83d\udc49 Genelde <strong data-start=\"788\" data-end=\"809\">flat-top (ba\u015fs\u0131z)<\/strong> yap\u0131dad\u0131r \u2192 punta kaynak ile paket yap\u0131m\u0131na uygundur.<\/p><hr data-start=\"865\" data-end=\"868\" \/><h2 data-start=\"870\" data-end=\"894\">\ud83d\udd0b \u00d6ne \u00c7\u0131kan Modeller<\/h2><h3 data-start=\"896\" data-end=\"925\">\ud83d\udd39 1. 2000 mAh \u2013 3C (\u22486A)<\/h3><ul data-start=\"926\" data-end=\"1039\"><li data-start=\"926\" data-end=\"945\">G\u00fcnl\u00fck kullan\u0131m<\/li><li data-start=\"946\" data-end=\"1039\">D\u00fc\u015f\u00fck\u2013orta ak\u0131m<br data-start=\"963\" data-end=\"966\" \/>\ud83d\udc49 Powerbank, LED, basit cihazlar<\/li><\/ul><hr data-start=\"1041\" data-end=\"1044\" \/><h3 data-start=\"1046\" data-end=\"1077\">\ud83d\udd39 2. 2000 mAh \u2013 15C (\u224830A)<\/h3><ul data-start=\"1078\" data-end=\"1175\"><li data-start=\"1078\" data-end=\"1106\">Y\u00fcksek performans modeli<\/li><li data-start=\"1107\" data-end=\"1175\">30A\u2019a kadar ak\u0131m verebilir<\/li><\/ul><p data-start=\"1177\" data-end=\"1189\">\ud83d\udc49 Kullan\u0131m:<\/p><ul data-start=\"1190\" data-end=\"1238\"><li data-start=\"1190\" data-end=\"1200\">Matkap<\/li><li data-start=\"1201\" data-end=\"1223\">Elektrikli aletler<\/li><li data-start=\"1224\" data-end=\"1238\">RC ara\u00e7lar<\/li><\/ul><hr data-start=\"1240\" data-end=\"1243\" \/><h3 data-start=\"1245\" data-end=\"1276\">\ud83d\udd39 3. 2450 mAh \u2013 12C (\u224830A)<\/h3><ul data-start=\"1277\" data-end=\"1392\"><li data-start=\"1277\" data-end=\"1315\">Daha y\u00fcksek kapasite + y\u00fcksek ak\u0131m<\/li><li data-start=\"1316\" data-end=\"1392\">INR kimya (daha stabil ve g\u00fcvenli)<\/li><\/ul><hr data-start=\"1394\" data-end=\"1397\" \/><h3 data-start=\"1399\" data-end=\"1429\">\ud83d\udd39 4. 2600 mAh \u2013 5C (\u224813A)<\/h3><ul data-start=\"1430\" data-end=\"1517\"><li data-start=\"1430\" data-end=\"1458\">Daha uzun \u00e7al\u0131\u015fma s\u00fcresi<\/li><li data-start=\"1459\" data-end=\"1517\">Orta seviye ak\u0131m<\/li><\/ul>\t\t\t\t\t\t\t\t<\/div>\n\t\t\t\t<div class=\"elementor-element elementor-element-06dbb21 elementor-widget elementor-widget-text-editor\" data-id=\"06dbb21\" data-element_type=\"widget\" data-e-type=\"widget\" data-widget_type=\"text-editor.default\">\n\t\t\t\t\t\t\t\t\t<h2 data-start=\"1817\" data-end=\"1840\">\ud83d\udd27 Kullan\u0131m Alanlar\u0131<\/h2><h3 data-start=\"1842\" data-end=\"1867\">\ud83d\udd0c 1. G\u00fcnl\u00fck cihazlar<\/h3><ul data-start=\"1868\" data-end=\"1913\"><li data-start=\"1868\" data-end=\"1881\">El feneri<\/li><li data-start=\"1882\" data-end=\"1899\">LED sistemler<\/li><li data-start=\"1900\" data-end=\"1913\">Powerbank<\/li><\/ul><p data-start=\"1915\" data-end=\"1944\">\ud83d\udc49 D\u00fc\u015f\u00fck ak\u0131ml\u0131 modeller (3C)<\/p><hr data-start=\"1946\" data-end=\"1949\" \/><h3 data-start=\"1951\" data-end=\"1979\">\ud83d\udd28 2. \u015earjl\u0131 el aletleri<\/h3><ul data-start=\"1980\" data-end=\"2015\"><li data-start=\"1980\" data-end=\"1990\">Matkap<\/li><li data-start=\"1991\" data-end=\"2003\">Vidalama<\/li><li data-start=\"2004\" data-end=\"2015\">Testere<\/li><\/ul><p data-start=\"2017\" data-end=\"2089\">\ud83d\udc49 15C modeller bu i\u015f i\u00e7in uygun<\/p><hr data-start=\"2091\" data-end=\"2094\" \/><h3 data-start=\"2096\" data-end=\"2131\">\ud83d\ude97 3. Elektrikli ara\u00e7lar &amp; hobi<\/h3><ul data-start=\"2132\" data-end=\"2166\"><li data-start=\"2132\" data-end=\"2144\">RC araba<\/li><li data-start=\"2145\" data-end=\"2154\">Drone<\/li><li data-start=\"2155\" data-end=\"2166\">Scooter<\/li><\/ul><p data-start=\"2168\" data-end=\"2197\">\ud83d\udc49 Y\u00fcksek ak\u0131m gereken yerler<\/p><hr data-start=\"2199\" data-end=\"2202\" \/><h3 data-start=\"2204\" data-end=\"2231\">\ud83d\udd0b 4. Batarya paketleme<\/h3><ul data-start=\"2232\" data-end=\"2290\"><li data-start=\"2232\" data-end=\"2254\">12V \/ 24V paketler<\/li><li data-start=\"2255\" data-end=\"2271\">DIY projeler<\/li><li data-start=\"2272\" data-end=\"2290\">UPS sistemleri<\/li><\/ul><p data-start=\"2292\" data-end=\"2337\">\ud83d\udc49 Flat-top yap\u0131s\u0131 sayesinde kolay paketlenir<\/p><h2 data-start=\"2869\" data-end=\"2901\">\u26a0\ufe0f Dikkat Edilmesi Gerekenler<\/h2><ul data-start=\"2903\" data-end=\"3093\"><li data-start=\"2903\" data-end=\"2950\">\u2757 Genelde <strong data-start=\"2915\" data-end=\"2948\">korumas\u0131z h\u00fccredir (BMS \u015fart)<\/strong><\/li><li data-start=\"2951\" data-end=\"2996\">\u2757 Modeline g\u00f6re ak\u0131m se\u00e7ilmeli (3C \u2260 15C)<\/li><li data-start=\"2997\" data-end=\"3057\">\u2757 Y\u00fcksek ak\u0131mda kaliteli seri se\u00e7ilmezse \u0131s\u0131nma olabilir<\/li><li data-start=\"3058\" data-end=\"3093\">\u2757 Orijinal \u00fcr\u00fcn tercih edilmeli<\/li><\/ul>\t\t\t\t\t\t\t\t<\/div>\n\t\t\t\t<\/div>\n\t\t\t\t<\/div>\n\t\t\t\t<\/div>\n\t\t\t\t<\/div>\n\t\t\t\t<\/div>\n\t\t\t\t\t<\/div>\n\t\t\t\t<\/div>\n\t\t\t\t<\/div>\n\t\t","protected":false},"excerpt":{"rendered":"<p>Teknik \u00d6zellikleri: \ud83d\udd0b Orion 18650 Pil Serisi Nedir? Orion 18650 pil serisi, genellikle fiyat\/performans odakl\u0131, hem g\u00fcnl\u00fck kullan\u0131m hem de [&hellip;]<\/p>\n","protected":false},"author":1,"featured_media":0,"parent":0,"menu_order":0,"comment_status":"closed","ping_status":"closed","template":"","meta":{"site-sidebar-layout":"no-sidebar","site-content-layout":"","ast-site-content-layout":"full-width-container","site-content-style":"default","site-sidebar-style":"default","ast-global-header-display":"","ast-banner-title-visibility":"","ast-main-header-display":"","ast-hfb-above-header-display":"","ast-hfb-below-header-display":"","ast-hfb-mobile-header-display":"","site-post-title":"","ast-breadcrumbs-content":"","ast-featured-img":"disabled","footer-sml-layout":"","ast-disable-related-posts":"","theme-transparent-header-meta":"","adv-header-id-meta":"","stick-header-meta":"","header-above-stick-meta":"","header-main-stick-meta":"","header-below-stick-meta":"","astra-migrate-meta-layouts":"default","ast-page-background-enabled":"default","ast-page-background-meta":{"desktop":{"background-color":"var(--ast-global-color-5)","background-image":"","background-repeat":"repeat","background-position":"center center","background-size":"auto","background-attachment":"scroll","background-type":"","background-media":"","overlay-type":"","overlay-color":"","overlay-opacity":"","overlay-gradient":""},"tablet":{"background-color":"","background-image":"","background-repeat":"repeat","background-position":"center center","background-size":"auto","background-attachment":"scroll","background-type":"","background-media":"","overlay-type":"","overlay-color":"","overlay-opacity":"","overlay-gradient":""},"mobile":{"background-color":"","background-image":"","background-repeat":"repeat","background-position":"center center","background-size":"auto","background-attachment":"scroll","background-type":"","background-media":"","overlay-type":"","overlay-color":"","overlay-opacity":"","overlay-gradient":""}},"ast-content-background-meta":{"desktop":{"background-color":"var(--ast-global-color-4)","background-image":"","background-repeat":"repeat","background-position":"center center","background-size":"auto","background-attachment":"scroll","background-type":"","background-media":"","overlay-type":"","overlay-color":"","overlay-opacity":"","overlay-gradient":""},"tablet":{"background-color":"var(--ast-global-color-4)","background-image":"","background-repeat":"repeat","background-position":"center center","background-size":"auto","background-attachment":"scroll","background-type":"","background-media":"","overlay-type":"","overlay-color":"","overlay-opacity":"","overlay-gradient":""},"mobile":{"background-color":"var(--ast-global-color-4)","background-image":"","background-repeat":"repeat","background-position":"center center","background-size":"auto","background-attachment":"scroll","background-type":"","background-media":"","overlay-type":"","overlay-color":"","overlay-opacity":"","overlay-gradient":""}},"footnotes":""},"class_list":["post-115","page","type-page","status-publish","hentry"],"aioseo_notices":[],"_links":{"self":[{"href":"https:\/\/sezginpil.com\/index.php?rest_route=\/wp\/v2\/pages\/115","targetHints":{"allow":["GET"]}}],"collection":[{"href":"https:\/\/sezginpil.com\/index.php?rest_route=\/wp\/v2\/pages"}],"about":[{"href":"https:\/\/sezginpil.com\/index.php?rest_route=\/wp\/v2\/types\/page"}],"author":[{"embeddable":true,"href":"https:\/\/sezginpil.com\/index.php?rest_route=\/wp\/v2\/users\/1"}],"replies":[{"embeddable":true,"href":"https:\/\/sezginpil.com\/index.php?rest_route=%2Fwp%2Fv2%2Fcomments&post=115"}],"version-history":[{"count":7,"href":"https:\/\/sezginpil.com\/index.php?rest_route=\/wp\/v2\/pages\/115\/revisions"}],"predecessor-version":[{"id":527,"href":"https:\/\/sezginpil.com\/index.php?rest_route=\/wp\/v2\/pages\/115\/revisions\/527"}],"wp:attachment":[{"href":"https:\/\/sezginpil.com\/index.php?rest_route=%2Fwp%2Fv2%2Fmedia&parent=115"}],"curies":[{"name":"wp","href":"https:\/\/api.w.org\/{rel}","templated":true}]}}