{"id":112,"date":"2026-04-02T23:06:26","date_gmt":"2026-04-02T23:06:26","guid":{"rendered":"https:\/\/sezginpil.com\/?page_id=112"},"modified":"2026-04-17T00:35:22","modified_gmt":"2026-04-17T00:35:22","slug":"power-xtra-serisi","status":"publish","type":"page","link":"https:\/\/sezginpil.com\/?page_id=112","title":{"rendered":"Power Xtra Serisi"},"content":{"rendered":"\t\t<div data-elementor-type=\"wp-page\" data-elementor-id=\"112\" class=\"elementor elementor-112\" data-elementor-post-type=\"page\">\n\t\t\t\t<div class=\"elementor-element elementor-element-20cb923 e-flex e-con-boxed e-con e-parent\" data-id=\"20cb923\" data-element_type=\"container\" data-e-type=\"container\">\n\t\t\t\t\t<div class=\"e-con-inner\">\n\t\t\t\t<div class=\"elementor-element elementor-element-73f5372 elementor-widget elementor-widget-image\" data-id=\"73f5372\" data-element_type=\"widget\" data-e-type=\"widget\" data-widget_type=\"image.default\">\n\t\t\t\t\t\t\t\t\t\t\t\t\t\t\t<img fetchpriority=\"high\" decoding=\"async\" width=\"1024\" height=\"558\" src=\"https:\/\/sezginpil.com\/wp-content\/uploads\/2026\/04\/Power-Xtra-18650-1024x558.png\" class=\"attachment-large size-large wp-image-518\" alt=\"\" srcset=\"https:\/\/sezginpil.com\/wp-content\/uploads\/2026\/04\/Power-Xtra-18650-1024x558.png 1024w, https:\/\/sezginpil.com\/wp-content\/uploads\/2026\/04\/Power-Xtra-18650-300x163.png 300w, https:\/\/sezginpil.com\/wp-content\/uploads\/2026\/04\/Power-Xtra-18650-768x419.png 768w, https:\/\/sezginpil.com\/wp-content\/uploads\/2026\/04\/Power-Xtra-18650-600x327.png 600w, https:\/\/sezginpil.com\/wp-content\/uploads\/2026\/04\/Power-Xtra-18650.png 1380w\" sizes=\"(max-width: 1024px) 100vw, 1024px\" \/>\t\t\t\t\t\t\t\t\t\t\t\t\t\t\t<\/div>\n\t\t\t\t\t<\/div>\n\t\t\t\t<\/div>\n\t\t<div class=\"elementor-element elementor-element-eae18fb e-flex e-con-boxed e-con e-parent\" data-id=\"eae18fb\" data-element_type=\"container\" data-e-type=\"container\">\n\t\t\t\t\t<div class=\"e-con-inner\">\n\t\t<div class=\"elementor-element elementor-element-cb94d5e e-con-full e-flex e-con e-child\" data-id=\"cb94d5e\" data-element_type=\"container\" data-e-type=\"container\">\n\t\t<div class=\"elementor-element elementor-element-0584d1f e-con-full e-flex e-con e-child\" data-id=\"0584d1f\" data-element_type=\"container\" data-e-type=\"container\">\n\t\t<div class=\"elementor-element elementor-element-36c38df e-con-full e-flex e-con e-child\" data-id=\"36c38df\" data-element_type=\"container\" data-e-type=\"container\">\n\t\t<div class=\"elementor-element elementor-element-bf20afd e-con-full e-flex e-con e-child\" data-id=\"bf20afd\" data-element_type=\"container\" data-e-type=\"container\">\n\t\t\t\t<div class=\"elementor-element elementor-element-a17852d elementor-widget elementor-widget-heading\" data-id=\"a17852d\" data-element_type=\"widget\" data-e-type=\"widget\" data-widget_type=\"heading.default\">\n\t\t\t\t\t<h2 class=\"elementor-heading-title elementor-size-default\">Teknik \u00d6zellikleri:<\/h2>\t\t\t\t<\/div>\n\t\t\t\t<div class=\"elementor-element elementor-element-5718250 elementor-widget elementor-widget-text-editor\" data-id=\"5718250\" data-element_type=\"widget\" data-e-type=\"widget\" data-widget_type=\"text-editor.default\">\n\t\t\t\t\t\t\t\t\t<h2 data-section-id=\"lk2fjy\" data-start=\"0\" data-end=\"47\">\ud83d\udd0b Power-Xtra (Power Extra) 18650 Pil Nedir?<\/h2><p data-start=\"49\" data-end=\"218\"><strong data-start=\"49\" data-end=\"80\">Power-Xtra 18650 pil serisi<\/strong>, uygun fiyatl\u0131 ve geni\u015f model se\u00e7ene\u011fi sunan, genelde <strong data-start=\"135\" data-end=\"179\">genel kullan\u0131m ve orta seviye performans<\/strong> odakl\u0131 lityum-iyon (Li-ion) pillerdir.<\/p><p data-start=\"220\" data-end=\"324\">\ud83d\udc49 T\u00fcrkiye\u2019de olduk\u00e7a yayg\u0131n sat\u0131l\u0131r ve \u00f6zellikle <strong data-start=\"270\" data-end=\"304\">DIY projeler + g\u00fcnl\u00fck cihazlar<\/strong> i\u00e7in tercih edilir.<\/p><hr data-start=\"326\" data-end=\"329\" \/><h2 data-section-id=\"1bympip\" data-start=\"331\" data-end=\"362\">\u2699\ufe0f Teknik \u00d6zellikler (Genel)<\/h2><p data-start=\"364\" data-end=\"430\">Power-Xtra 18650 serisinde modele g\u00f6re de\u011fi\u015fir ama genel de\u011ferler:<\/p><ul data-start=\"432\" data-end=\"865\"><li data-section-id=\"15vvhy1\" data-start=\"432\" data-end=\"490\"><strong data-start=\"434\" data-end=\"445\">Voltaj:<\/strong> 3.7V<\/li><li data-section-id=\"1gz87n3\" data-start=\"491\" data-end=\"566\"><strong data-start=\"493\" data-end=\"506\">Kapasite:<\/strong> 1500 mAh \u2013 2500 mAh<\/li><li data-section-id=\"dhz4u0\" data-start=\"567\" data-end=\"648\"><strong data-start=\"569\" data-end=\"579\">Boyut:<\/strong> 18mm x 65mm (standart 18650)<\/li><li data-section-id=\"1uwtssr\" data-start=\"649\" data-end=\"719\"><strong data-start=\"651\" data-end=\"668\">\u015earj d\u00f6ng\u00fcs\u00fc:<\/strong> ~300 \u2013 500<\/li><li data-section-id=\"u8l520\" data-start=\"720\" data-end=\"779\"><strong data-start=\"722\" data-end=\"732\">Kimya:<\/strong> Li-ion<\/li><li data-section-id=\"dy4a1c\" data-start=\"780\" data-end=\"865\"><strong data-start=\"782\" data-end=\"801\">Koruma devresi:<\/strong> Genelde yok (bare cell)<\/li><\/ul><hr data-start=\"867\" data-end=\"870\" \/><h2 data-section-id=\"1d6gbr7\" data-start=\"872\" data-end=\"892\">\ud83d\udd0b \u00d6rnek Modeller<\/h2><h3 data-section-id=\"1thvnnf\" data-start=\"894\" data-end=\"932\">\ud83d\udd39 D\u00fc\u015f\u00fck kapasite (temel kullan\u0131m)<\/h3><ul data-start=\"933\" data-end=\"977\"><li data-section-id=\"meg0sg\" data-start=\"933\" data-end=\"977\">1500 mAh modeller<br data-start=\"952\" data-end=\"955\" \/>\ud83d\udc49 Basit cihazlar i\u00e7in<\/li><\/ul><h3 data-section-id=\"1muscxr\" data-start=\"979\" data-end=\"997\">\ud83d\udd39 Orta seviye<\/h3><ul data-start=\"998\" data-end=\"1083\"><li data-section-id=\"16wx9hu\" data-start=\"998\" data-end=\"1083\">2000 mAh (\u22486A ak\u0131m) <br data-start=\"1057\" data-end=\"1060\" \/>\ud83d\udc49 G\u00fcnl\u00fck elektronikler<\/li><\/ul><h3 data-section-id=\"vukfql\" data-start=\"1085\" data-end=\"1108\">\ud83d\udd39 Daha g\u00fc\u00e7l\u00fc model<\/h3><ul data-start=\"1109\" data-end=\"1211\"><li data-section-id=\"1gh1s7q\" data-start=\"1109\" data-end=\"1211\">2500 mAh \/ 30A (PX18650-25P) <br data-start=\"1177\" data-end=\"1180\" \/>\ud83d\udc49 Y\u00fcksek ak\u0131m isteyen cihazlar<\/li><\/ul>\t\t\t\t\t\t\t\t<\/div>\n\t\t\t\t<div class=\"elementor-element elementor-element-9b80b5c elementor-widget elementor-widget-text-editor\" data-id=\"9b80b5c\" data-element_type=\"widget\" data-e-type=\"widget\" data-widget_type=\"text-editor.default\">\n\t\t\t\t\t\t\t\t\t<h2 data-section-id=\"14cvza6\" data-start=\"1488\" data-end=\"1511\">\ud83d\udd27 Kullan\u0131m Alanlar\u0131<\/h2><h3 data-section-id=\"bze05e\" data-start=\"1513\" data-end=\"1549\">\ud83d\udd0c 1. G\u00fcnl\u00fck elektronik cihazlar<\/h3><ul data-start=\"1550\" data-end=\"1622\"><li data-section-id=\"8zhgtu\" data-start=\"1550\" data-end=\"1563\">El feneri<\/li><li data-section-id=\"1ini1bn\" data-start=\"1564\" data-end=\"1578\">Oyuncaklar<\/li><li data-section-id=\"1ru0xmq\" data-start=\"1579\" data-end=\"1622\">LED lambalar<br data-start=\"1593\" data-end=\"1596\" \/>\ud83d\udc49 En uygun kullan\u0131m alan\u0131<\/li><\/ul><hr data-start=\"1624\" data-end=\"1627\" \/><h3 data-section-id=\"qhic0b\" data-start=\"1629\" data-end=\"1664\">\ud83d\udd0b 2. Powerbank ve DIY projeler<\/h3><ul data-start=\"1665\" data-end=\"1758\"><li data-section-id=\"1eccr1q\" data-start=\"1665\" data-end=\"1691\">18650 powerbank yap\u0131m\u0131<\/li><li data-section-id=\"1k2ot70\" data-start=\"1692\" data-end=\"1758\">Elektronik projeler<br data-start=\"1713\" data-end=\"1716\" \/>\ud83d\udc49 Uygun fiyatl\u0131 oldu\u011fu i\u00e7in tercih edilir<\/li><\/ul><hr data-start=\"1760\" data-end=\"1763\" \/><h3 data-section-id=\"1njb6ee\" data-start=\"1765\" data-end=\"1803\">\ud83d\udd28 3. Orta g\u00fc\u00e7 gerektiren cihazlar<\/h3><ul data-start=\"1804\" data-end=\"1877\"><li data-section-id=\"1wgl2af\" data-start=\"1804\" data-end=\"1826\">Sa\u00e7 kesme makinesi<\/li><li data-section-id=\"q63gs3\" data-start=\"1827\" data-end=\"1877\">K\u00fc\u00e7\u00fck motorlar<br data-start=\"1843\" data-end=\"1846\" \/>\ud83d\udc49 2000\u20132500 mAh modeller uygun<\/li><li data-section-id=\"q63gs3\" data-start=\"1827\" data-end=\"1877\"><h2 data-section-id=\"pyjp9m\" data-start=\"2429\" data-end=\"2461\">\u26a0\ufe0f Dikkat Edilmesi Gerekenler<\/h2><ul data-start=\"2463\" data-end=\"2647\"><li data-section-id=\"cyl21z\" data-start=\"2463\" data-end=\"2505\">\u2757 \u00c7o\u011fu model <strong data-start=\"2478\" data-end=\"2505\">korumas\u0131zd\u0131r (BMS \u015fart)<\/strong><\/li><li data-section-id=\"1bhnal\" data-start=\"2506\" data-end=\"2555\">\u2757 Ger\u00e7ek kapasite modelden modele de\u011fi\u015febilir<\/li><li data-section-id=\"o19ju5\" data-start=\"2556\" data-end=\"2614\">\u2757 Y\u00fcksek ak\u0131m uygulamalar\u0131nda kaliteli model se\u00e7ilmeli<\/li><li data-section-id=\"1hmme9j\" data-start=\"2615\" data-end=\"2647\">\u2757 Ucuz sahte \u00fcr\u00fcnlere dikkat<\/li><\/ul><\/li><\/ul>\t\t\t\t\t\t\t\t<\/div>\n\t\t\t\t<\/div>\n\t\t\t\t<\/div>\n\t\t\t\t<\/div>\n\t\t\t\t<\/div>\n\t\t\t\t\t<\/div>\n\t\t\t\t<\/div>\n\t\t\t\t<\/div>\n\t\t","protected":false},"excerpt":{"rendered":"<p>Teknik \u00d6zellikleri: \ud83d\udd0b Power-Xtra (Power Extra) 18650 Pil Nedir? Power-Xtra 18650 pil serisi, uygun fiyatl\u0131 ve geni\u015f model se\u00e7ene\u011fi sunan, [&hellip;]<\/p>\n","protected":false},"author":1,"featured_media":0,"parent":0,"menu_order":0,"comment_status":"closed","ping_status":"closed","template":"","meta":{"site-sidebar-layout":"no-sidebar","site-content-layout":"","ast-site-content-layout":"full-width-container","site-content-style":"default","site-sidebar-style":"default","ast-global-header-display":"","ast-banner-title-visibility":"","ast-main-header-display":"","ast-hfb-above-header-display":"","ast-hfb-below-header-display":"","ast-hfb-mobile-header-display":"","site-post-title":"","ast-breadcrumbs-content":"","ast-featured-img":"disabled","footer-sml-layout":"","ast-disable-related-posts":"","theme-transparent-header-meta":"","adv-header-id-meta":"","stick-header-meta":"","header-above-stick-meta":"","header-main-stick-meta":"","header-below-stick-meta":"","astra-migrate-meta-layouts":"default","ast-page-background-enabled":"default","ast-page-background-meta":{"desktop":{"background-color":"var(--ast-global-color-5)","background-image":"","background-repeat":"repeat","background-position":"center center","background-size":"auto","background-attachment":"scroll","background-type":"","background-media":"","overlay-type":"","overlay-color":"","overlay-opacity":"","overlay-gradient":""},"tablet":{"background-color":"","background-image":"","background-repeat":"repeat","background-position":"center center","background-size":"auto","background-attachment":"scroll","background-type":"","background-media":"","overlay-type":"","overlay-color":"","overlay-opacity":"","overlay-gradient":""},"mobile":{"background-color":"","background-image":"","background-repeat":"repeat","background-position":"center center","background-size":"auto","background-attachment":"scroll","background-type":"","background-media":"","overlay-type":"","overlay-color":"","overlay-opacity":"","overlay-gradient":""}},"ast-content-background-meta":{"desktop":{"background-color":"var(--ast-global-color-4)","background-image":"","background-repeat":"repeat","background-position":"center center","background-size":"auto","background-attachment":"scroll","background-type":"","background-media":"","overlay-type":"","overlay-color":"","overlay-opacity":"","overlay-gradient":""},"tablet":{"background-color":"var(--ast-global-color-4)","background-image":"","background-repeat":"repeat","background-position":"center center","background-size":"auto","background-attachment":"scroll","background-type":"","background-media":"","overlay-type":"","overlay-color":"","overlay-opacity":"","overlay-gradient":""},"mobile":{"background-color":"var(--ast-global-color-4)","background-image":"","background-repeat":"repeat","background-position":"center center","background-size":"auto","background-attachment":"scroll","background-type":"","background-media":"","overlay-type":"","overlay-color":"","overlay-opacity":"","overlay-gradient":""}},"footnotes":""},"class_list":["post-112","page","type-page","status-publish","hentry"],"aioseo_notices":[],"_links":{"self":[{"href":"https:\/\/sezginpil.com\/index.php?rest_route=\/wp\/v2\/pages\/112","targetHints":{"allow":["GET"]}}],"collection":[{"href":"https:\/\/sezginpil.com\/index.php?rest_route=\/wp\/v2\/pages"}],"about":[{"href":"https:\/\/sezginpil.com\/index.php?rest_route=\/wp\/v2\/types\/page"}],"author":[{"embeddable":true,"href":"https:\/\/sezginpil.com\/index.php?rest_route=\/wp\/v2\/users\/1"}],"replies":[{"embeddable":true,"href":"https:\/\/sezginpil.com\/index.php?rest_route=%2Fwp%2Fv2%2Fcomments&post=112"}],"version-history":[{"count":4,"href":"https:\/\/sezginpil.com\/index.php?rest_route=\/wp\/v2\/pages\/112\/revisions"}],"predecessor-version":[{"id":521,"href":"https:\/\/sezginpil.com\/index.php?rest_route=\/wp\/v2\/pages\/112\/revisions\/521"}],"wp:attachment":[{"href":"https:\/\/sezginpil.com\/index.php?rest_route=%2Fwp%2Fv2%2Fmedia&parent=112"}],"curies":[{"name":"wp","href":"https:\/\/api.w.org\/{rel}","templated":true}]}}