{"id":108,"date":"2026-04-02T23:05:03","date_gmt":"2026-04-02T23:05:03","guid":{"rendered":"https:\/\/sezginpil.com\/?page_id=108"},"modified":"2026-04-17T00:13:41","modified_gmt":"2026-04-17T00:13:41","slug":"aspilsan-serisi","status":"publish","type":"page","link":"https:\/\/sezginpil.com\/?page_id=108","title":{"rendered":"Aspilsan Serisi"},"content":{"rendered":"\t\t<div data-elementor-type=\"wp-page\" data-elementor-id=\"108\" class=\"elementor elementor-108\" data-elementor-post-type=\"page\">\n\t\t\t\t<div class=\"elementor-element elementor-element-8406cb4 e-flex e-con-boxed e-con e-parent\" data-id=\"8406cb4\" data-element_type=\"container\" data-e-type=\"container\">\n\t\t\t\t\t<div class=\"e-con-inner\">\n\t\t\t\t<div class=\"elementor-element elementor-element-32ef028 elementor-widget elementor-widget-image\" data-id=\"32ef028\" data-element_type=\"widget\" data-e-type=\"widget\" data-widget_type=\"image.default\">\n\t\t\t\t\t\t\t\t\t\t\t\t\t\t\t<img fetchpriority=\"high\" decoding=\"async\" width=\"1024\" height=\"558\" src=\"https:\/\/sezginpil.com\/wp-content\/uploads\/2026\/04\/Aspilsan-1024x558.png\" class=\"attachment-large size-large wp-image-500\" alt=\"\" srcset=\"https:\/\/sezginpil.com\/wp-content\/uploads\/2026\/04\/Aspilsan-1024x558.png 1024w, https:\/\/sezginpil.com\/wp-content\/uploads\/2026\/04\/Aspilsan-300x163.png 300w, https:\/\/sezginpil.com\/wp-content\/uploads\/2026\/04\/Aspilsan-768x419.png 768w, https:\/\/sezginpil.com\/wp-content\/uploads\/2026\/04\/Aspilsan-600x327.png 600w, https:\/\/sezginpil.com\/wp-content\/uploads\/2026\/04\/Aspilsan.png 1380w\" sizes=\"(max-width: 1024px) 100vw, 1024px\" \/>\t\t\t\t\t\t\t\t\t\t\t\t\t\t\t<\/div>\n\t\t\t\t\t<\/div>\n\t\t\t\t<\/div>\n\t\t<div class=\"elementor-element elementor-element-c9af34f e-flex e-con-boxed e-con e-parent\" data-id=\"c9af34f\" data-element_type=\"container\" data-e-type=\"container\">\n\t\t\t\t\t<div class=\"e-con-inner\">\n\t\t<div class=\"elementor-element elementor-element-71e033b e-con-full e-flex e-con e-child\" data-id=\"71e033b\" data-element_type=\"container\" data-e-type=\"container\">\n\t\t<div class=\"elementor-element elementor-element-9bf531d e-con-full e-flex e-con e-child\" data-id=\"9bf531d\" data-element_type=\"container\" data-e-type=\"container\">\n\t\t\t\t<div class=\"elementor-element elementor-element-c3a5463 elementor-widget elementor-widget-heading\" data-id=\"c3a5463\" data-element_type=\"widget\" data-e-type=\"widget\" data-widget_type=\"heading.default\">\n\t\t\t\t\t<h2 class=\"elementor-heading-title elementor-size-default\">Teknik \u00d6zellikleri:<\/h2>\t\t\t\t<\/div>\n\t\t\t\t<div class=\"elementor-element elementor-element-6489129 elementor-widget elementor-widget-text-editor\" data-id=\"6489129\" data-element_type=\"widget\" data-e-type=\"widget\" data-widget_type=\"text-editor.default\">\n\t\t\t\t\t\t\t\t\t<h2 data-section-id=\"1qeivp5\" data-start=\"224\" data-end=\"251\">\ud83d\udd0b Aspilsan 18650 Nedir?<\/h2><p data-start=\"252\" data-end=\"366\">Aspilsan 18650, standart <strong data-start=\"277\" data-end=\"318\">18650 form fakt\u00f6r\u00fcnde (18 mm x 65 mm)<\/strong>, \u015farj edilebilir silindirik lityum-iyon pildir.<\/p><ul data-start=\"368\" data-end=\"611\"><li data-section-id=\"3qm0s1\" data-start=\"368\" data-end=\"441\">Nominal voltaj: <strong data-start=\"386\" data-end=\"401\">3.6V \u2013 3.7V<\/strong><\/li><li data-section-id=\"vuwue3\" data-start=\"442\" data-end=\"526\">Kapasite aral\u0131\u011f\u0131: <strong data-start=\"462\" data-end=\"486\">~1800 mAh \u2013 3200 mAh<\/strong><\/li><li data-section-id=\"196bxhh\" data-start=\"527\" data-end=\"544\">Kimya: Li-ion<\/li><li data-section-id=\"1nt41dg\" data-start=\"545\" data-end=\"611\">\u015earj sonu voltaj\u0131: ~4.2V<\/li><\/ul><p data-start=\"613\" data-end=\"633\">\ud83d\udc49 En bilinen model:<\/p><ul data-start=\"634\" data-end=\"697\"><li data-section-id=\"b6g9eo\" data-start=\"634\" data-end=\"697\"><strong data-start=\"636\" data-end=\"697\">Aspilsan INR18650A28 \u2192 2800 mAh (T\u00fcrkiye\u2019de yayg\u0131n model)<\/strong><\/li><\/ul>\t\t\t\t\t\t\t\t<\/div>\n\t\t\t\t<div class=\"elementor-element elementor-element-3f7c474 elementor-widget elementor-widget-text-editor\" data-id=\"3f7c474\" data-element_type=\"widget\" data-e-type=\"widget\" data-widget_type=\"text-editor.default\">\n\t\t\t\t\t\t\t\t\t<h3 data-path-to-node=\"8\">Kullan\u0131m Alanlar\u0131:<\/h3><ol start=\"1\" data-path-to-node=\"9\"><li><h2 data-section-id=\"14cvza6\" data-start=\"1515\" data-end=\"1538\">\ud83d\udd27 Kullan\u0131m Alanlar\u0131<\/h2><h3 data-section-id=\"1iij0na\" data-start=\"1540\" data-end=\"1570\">\ud83d\udd0c 1. T\u00fcketici elektroni\u011fi<\/h3><ul data-start=\"1571\" data-end=\"1647\"><li data-section-id=\"q7aju9\" data-start=\"1571\" data-end=\"1582\">Powerbank<\/li><li data-section-id=\"19xdofm\" data-start=\"1583\" data-end=\"1594\">El feneri<\/li><li data-section-id=\"1gdkgno\" data-start=\"1595\" data-end=\"1647\">Ta\u015f\u0131nabilir cihazlar<\/li><li data-section-id=\"1gdkgno\" data-start=\"1595\" data-end=\"1647\"><h3 data-section-id=\"1hvguzc\" data-start=\"1654\" data-end=\"1682\">\ud83d\udcbb 2. Laptop bataryalar\u0131<\/h3><ul data-start=\"1683\" data-end=\"1778\"><li data-section-id=\"1ppzl8r\" data-start=\"1683\" data-end=\"1738\">Eski tip laptop batarya paketlerinde s\u0131k kullan\u0131l\u0131r<\/li><li data-section-id=\"ht5lti\" data-start=\"1739\" data-end=\"1778\">Seri\/paralel ba\u011flanarak paket yap\u0131l\u0131r<\/li><li data-section-id=\"ht5lti\" data-start=\"1739\" data-end=\"1778\"><h3 data-section-id=\"z2mpoo\" data-start=\"1897\" data-end=\"1931\">\ud83d\udd28 4. Hafif elektrikli aletler<\/h3><ul data-start=\"1932\" data-end=\"1968\"><li data-section-id=\"evec65\" data-start=\"1932\" data-end=\"1968\">D\u00fc\u015f\u00fck-orta g\u00fc\u00e7 gerektiren cihazlar<\/li><\/ul><\/li><\/ul><\/li><\/ul><\/li><\/ol><h3 data-path-to-node=\"10\">Sat\u0131n Al\u0131rken Dikkat Edilmesi Gerekenler<\/h3><p>\u00a0 \u00a0Genelde <strong data-start=\"2562\" data-end=\"2596\">korumas\u0131z h\u00fccredir (bare cell)<\/strong><\/p><ul><li style=\"list-style-type: none;\"><ul><li data-section-id=\"e6cqtv\" data-start=\"2599\" data-end=\"2632\">BMS olmadan paket yap\u0131lmamal\u0131<\/li><li data-section-id=\"38tu8x\" data-start=\"2633\" data-end=\"2669\">A\u015f\u0131r\u0131 de\u015farj (&lt;2.5V) zarar verir<\/li><li data-section-id=\"1ev6bvv\" data-start=\"2670\" data-end=\"2711\">Uygun Li-ion \u015farj cihaz\u0131 kullan\u0131lmal\u0131<\/li><\/ul><\/li><\/ul>\t\t\t\t\t\t\t\t<\/div>\n\t\t\t\t<\/div>\n\t\t\t\t<\/div>\n\t\t\t\t\t<\/div>\n\t\t\t\t<\/div>\n\t\t\t\t<\/div>\n\t\t","protected":false},"excerpt":{"rendered":"<p>Teknik \u00d6zellikleri: \ud83d\udd0b Aspilsan 18650 Nedir? Aspilsan 18650, standart 18650 form fakt\u00f6r\u00fcnde (18 mm x 65 mm), \u015farj edilebilir silindirik [&hellip;]<\/p>\n","protected":false},"author":1,"featured_media":0,"parent":0,"menu_order":0,"comment_status":"closed","ping_status":"closed","template":"","meta":{"site-sidebar-layout":"no-sidebar","site-content-layout":"","ast-site-content-layout":"full-width-container","site-content-style":"default","site-sidebar-style":"default","ast-global-header-display":"","ast-banner-title-visibility":"","ast-main-header-display":"","ast-hfb-above-header-display":"","ast-hfb-below-header-display":"","ast-hfb-mobile-header-display":"","site-post-title":"","ast-breadcrumbs-content":"","ast-featured-img":"disabled","footer-sml-layout":"","ast-disable-related-posts":"","theme-transparent-header-meta":"","adv-header-id-meta":"","stick-header-meta":"","header-above-stick-meta":"","header-main-stick-meta":"","header-below-stick-meta":"","astra-migrate-meta-layouts":"default","ast-page-background-enabled":"default","ast-page-background-meta":{"desktop":{"background-color":"var(--ast-global-color-5)","background-image":"","background-repeat":"repeat","background-position":"center center","background-size":"auto","background-attachment":"scroll","background-type":"","background-media":"","overlay-type":"","overlay-color":"","overlay-opacity":"","overlay-gradient":""},"tablet":{"background-color":"","background-image":"","background-repeat":"repeat","background-position":"center center","background-size":"auto","background-attachment":"scroll","background-type":"","background-media":"","overlay-type":"","overlay-color":"","overlay-opacity":"","overlay-gradient":""},"mobile":{"background-color":"","background-image":"","background-repeat":"repeat","background-position":"center center","background-size":"auto","background-attachment":"scroll","background-type":"","background-media":"","overlay-type":"","overlay-color":"","overlay-opacity":"","overlay-gradient":""}},"ast-content-background-meta":{"desktop":{"background-color":"var(--ast-global-color-4)","background-image":"","background-repeat":"repeat","background-position":"center center","background-size":"auto","background-attachment":"scroll","background-type":"","background-media":"","overlay-type":"","overlay-color":"","overlay-opacity":"","overlay-gradient":""},"tablet":{"background-color":"var(--ast-global-color-4)","background-image":"","background-repeat":"repeat","background-position":"center center","background-size":"auto","background-attachment":"scroll","background-type":"","background-media":"","overlay-type":"","overlay-color":"","overlay-opacity":"","overlay-gradient":""},"mobile":{"background-color":"var(--ast-global-color-4)","background-image":"","background-repeat":"repeat","background-position":"center center","background-size":"auto","background-attachment":"scroll","background-type":"","background-media":"","overlay-type":"","overlay-color":"","overlay-opacity":"","overlay-gradient":""}},"footnotes":""},"class_list":["post-108","page","type-page","status-publish","hentry"],"aioseo_notices":[],"_links":{"self":[{"href":"https:\/\/sezginpil.com\/index.php?rest_route=\/wp\/v2\/pages\/108","targetHints":{"allow":["GET"]}}],"collection":[{"href":"https:\/\/sezginpil.com\/index.php?rest_route=\/wp\/v2\/pages"}],"about":[{"href":"https:\/\/sezginpil.com\/index.php?rest_route=\/wp\/v2\/types\/page"}],"author":[{"embeddable":true,"href":"https:\/\/sezginpil.com\/index.php?rest_route=\/wp\/v2\/users\/1"}],"replies":[{"embeddable":true,"href":"https:\/\/sezginpil.com\/index.php?rest_route=%2Fwp%2Fv2%2Fcomments&post=108"}],"version-history":[{"count":7,"href":"https:\/\/sezginpil.com\/index.php?rest_route=\/wp\/v2\/pages\/108\/revisions"}],"predecessor-version":[{"id":506,"href":"https:\/\/sezginpil.com\/index.php?rest_route=\/wp\/v2\/pages\/108\/revisions\/506"}],"wp:attachment":[{"href":"https:\/\/sezginpil.com\/index.php?rest_route=%2Fwp%2Fv2%2Fmedia&parent=108"}],"curies":[{"name":"wp","href":"https:\/\/api.w.org\/{rel}","templated":true}]}}