{"id":104,"date":"2026-04-02T23:04:28","date_gmt":"2026-04-02T23:04:28","guid":{"rendered":"https:\/\/sezginpil.com\/?page_id=104"},"modified":"2026-04-17T00:08:11","modified_gmt":"2026-04-17T00:08:11","slug":"molicel","status":"publish","type":"page","link":"https:\/\/sezginpil.com\/?page_id=104","title":{"rendered":"Molicel Serisi"},"content":{"rendered":"\t\t<div data-elementor-type=\"wp-page\" data-elementor-id=\"104\" class=\"elementor elementor-104\" data-elementor-post-type=\"page\">\n\t\t\t\t<div class=\"elementor-element elementor-element-b88574a e-flex e-con-boxed e-con e-parent\" data-id=\"b88574a\" data-element_type=\"container\" data-e-type=\"container\">\n\t\t\t\t\t<div class=\"e-con-inner\">\n\t\t\t\t<div class=\"elementor-element elementor-element-e967d0e elementor-widget elementor-widget-image\" data-id=\"e967d0e\" data-element_type=\"widget\" data-e-type=\"widget\" data-widget_type=\"image.default\">\n\t\t\t\t\t\t\t\t\t\t\t\t\t\t\t<img fetchpriority=\"high\" decoding=\"async\" width=\"1024\" height=\"559\" src=\"https:\/\/sezginpil.com\/wp-content\/uploads\/2026\/04\/Molicel-1024x559.png\" class=\"attachment-large size-large wp-image-487\" alt=\"\" srcset=\"https:\/\/sezginpil.com\/wp-content\/uploads\/2026\/04\/Molicel-1024x559.png 1024w, https:\/\/sezginpil.com\/wp-content\/uploads\/2026\/04\/Molicel-300x164.png 300w, https:\/\/sezginpil.com\/wp-content\/uploads\/2026\/04\/Molicel-768x419.png 768w, https:\/\/sezginpil.com\/wp-content\/uploads\/2026\/04\/Molicel-600x327.png 600w, https:\/\/sezginpil.com\/wp-content\/uploads\/2026\/04\/Molicel.png 1408w\" sizes=\"(max-width: 1024px) 100vw, 1024px\" \/>\t\t\t\t\t\t\t\t\t\t\t\t\t\t\t<\/div>\n\t\t\t\t\t<\/div>\n\t\t\t\t<\/div>\n\t\t<div class=\"elementor-element elementor-element-5db93eb e-flex e-con-boxed e-con e-parent\" data-id=\"5db93eb\" data-element_type=\"container\" data-e-type=\"container\">\n\t\t\t\t\t<div class=\"e-con-inner\">\n\t\t<div class=\"elementor-element elementor-element-e9e360b e-con-full e-flex e-con e-child\" data-id=\"e9e360b\" data-element_type=\"container\" data-e-type=\"container\">\n\t\t\t\t<div class=\"elementor-element elementor-element-adc67d6 elementor-widget elementor-widget-heading\" data-id=\"adc67d6\" data-element_type=\"widget\" data-e-type=\"widget\" data-widget_type=\"heading.default\">\n\t\t\t\t\t<h2 class=\"elementor-heading-title elementor-size-default\">Teknik \u00d6zellikleri:<\/h2>\t\t\t\t<\/div>\n\t\t\t\t<div class=\"elementor-element elementor-element-8347ee8 elementor-widget elementor-widget-text-editor\" data-id=\"8347ee8\" data-element_type=\"widget\" data-e-type=\"widget\" data-widget_type=\"text-editor.default\">\n\t\t\t\t\t\t\t\t\t<h2 data-start=\"254\" data-end=\"287\">\ud83d\udd0b Molicel 18650 Serisi Nedir?<\/h2><p data-start=\"288\" data-end=\"389\">Molicel (Tayvan merkezli \u00fcretici), \u00f6zellikle <strong data-start=\"333\" data-end=\"378\">y\u00fcksek de\u015farj ak\u0131m\u0131 sa\u011flayan h\u00fccreleriyle<\/strong> \u00f6ne \u00e7\u0131kar.<\/p><p data-start=\"391\" data-end=\"411\">En bilinen modeller:<\/p><ul data-start=\"412\" data-end=\"617\"><li data-start=\"412\" data-end=\"453\"><strong data-start=\"414\" data-end=\"422\">P26A<\/strong> \u2192 2600 mAh \/ ~35A (y\u00fcksek g\u00fc\u00e7)<\/li><li data-start=\"454\" data-end=\"506\"><strong data-start=\"456\" data-end=\"464\">P28A<\/strong> \u2192 2800 mAh \/ 35A (\u00e7ok dengeli performans)<\/li><li data-start=\"507\" data-end=\"559\"><strong data-start=\"509\" data-end=\"517\">P30B<\/strong> \u2192 3000 mAh \/ 30A (kapasite + g\u00fc\u00e7 dengesi)<\/li><li data-start=\"560\" data-end=\"617\"><strong data-start=\"562\" data-end=\"570\">M35A<\/strong> \u2192 3500 mAh \/ 10A (y\u00fcksek kapasite, d\u00fc\u015f\u00fck ak\u0131m)<br \/><p data-start=\"935\" data-end=\"987\">Molicel 18650 pillerin \u00f6ne \u00e7\u0131kan teknik avantajlar\u0131:<\/p><ul data-start=\"989\" data-end=\"1261\"><li data-start=\"989\" data-end=\"1028\">\ud83d\udd39 <strong data-start=\"994\" data-end=\"1028\">Y\u00fcksek de\u015farj ak\u0131m\u0131 (30A\u201335A+)<\/strong><\/li><li data-start=\"1029\" data-end=\"1070\">\ud83d\udd39 <strong data-start=\"1034\" data-end=\"1070\">D\u00fc\u015f\u00fck i\u00e7 diren\u00e7 \u2192 daha az \u0131s\u0131nma<\/strong><\/li><li data-start=\"1071\" data-end=\"1116\">\ud83d\udd39 <strong data-start=\"1076\" data-end=\"1116\">Stabil voltaj (y\u00fck alt\u0131nda d\u00fc\u015f\u00fc\u015f az)<\/strong><\/li><li data-start=\"1117\" data-end=\"1196\">\ud83d\udd39 <strong data-start=\"1122\" data-end=\"1156\">Yakla\u015f\u0131k 500 \u015farj d\u00f6ng\u00fcs\u00fc \u00f6mr\u00fc<\/strong><\/li><li data-start=\"1197\" data-end=\"1261\">\ud83d\udd39 <strong data-start=\"1202\" data-end=\"1227\">Korumas\u0131z (bare cell)<\/strong> \u2192 genelde paket i\u00e7inde kullan\u0131l\u0131r<\/li><\/ul><\/li><\/ul>\t\t\t\t\t\t\t\t<\/div>\n\t\t\t\t<div class=\"elementor-element elementor-element-95c2468 elementor-widget elementor-widget-text-editor\" data-id=\"95c2468\" data-element_type=\"widget\" data-e-type=\"widget\" data-widget_type=\"text-editor.default\">\n\t\t\t\t\t\t\t\t\t<h3 data-path-to-node=\"8\">Kullan\u0131m Alanlar\u0131:<\/h3><ol start=\"1\" data-path-to-node=\"9\"><li><h3 data-start=\"1442\" data-end=\"1473\">1. Elektrikli ara\u00e7lar<\/h3><ul data-start=\"1474\" data-end=\"1538\"><li data-start=\"1474\" data-end=\"1504\">E-bike (elektrikli bisiklet)<\/li><li data-start=\"1505\" data-end=\"1514\">Scooter<\/li><li data-start=\"1515\" data-end=\"1538\">Elektrikli motosiklet<\/li><li data-start=\"1515\" data-end=\"1538\"><h3 data-start=\"1603\" data-end=\"1631\">\ud83d\udd28 2. \u015earjl\u0131 el aletleri<\/h3><ul data-start=\"1632\" data-end=\"1661\"><li data-start=\"1632\" data-end=\"1640\">Matkap<\/li><li data-start=\"1641\" data-end=\"1650\">Ta\u015flama<\/li><li data-start=\"1651\" data-end=\"1661\">Vidalama<\/li><\/ul><\/li><\/ul><\/li><\/ol><h3 data-path-to-node=\"10\">Sat\u0131n Al\u0131rken Dikkat Edilmesi Gerekenler<\/h3><ul data-path-to-node=\"11\"><li><ul><li data-start=\"2559\" data-end=\"2606\">Korumas\u0131z h\u00fccredir \u2192 <strong data-start=\"2582\" data-end=\"2606\">BMS ile kullan\u0131lmal\u0131<\/strong><\/li><li data-start=\"2607\" data-end=\"2653\">Yanl\u0131\u015f kullan\u0131mda risklidir (k\u0131sa devre vb.)<\/li><li data-start=\"2654\" data-end=\"2696\">\u015earj cihaz\u0131 uygun olmal\u0131 (Li-ion uyumlu)<\/li><\/ul><\/li><\/ul>\t\t\t\t\t\t\t\t<\/div>\n\t\t\t\t<\/div>\n\t\t\t\t\t<\/div>\n\t\t\t\t<\/div>\n\t\t\t\t<\/div>\n\t\t","protected":false},"excerpt":{"rendered":"<p>Teknik \u00d6zellikleri: \ud83d\udd0b Molicel 18650 Serisi Nedir? Molicel (Tayvan merkezli \u00fcretici), \u00f6zellikle y\u00fcksek de\u015farj ak\u0131m\u0131 sa\u011flayan h\u00fccreleriyle \u00f6ne \u00e7\u0131kar. En [&hellip;]<\/p>\n","protected":false},"author":1,"featured_media":0,"parent":0,"menu_order":0,"comment_status":"closed","ping_status":"closed","template":"","meta":{"site-sidebar-layout":"no-sidebar","site-content-layout":"","ast-site-content-layout":"full-width-container","site-content-style":"default","site-sidebar-style":"default","ast-global-header-display":"","ast-banner-title-visibility":"","ast-main-header-display":"","ast-hfb-above-header-display":"","ast-hfb-below-header-display":"","ast-hfb-mobile-header-display":"","site-post-title":"","ast-breadcrumbs-content":"","ast-featured-img":"disabled","footer-sml-layout":"","ast-disable-related-posts":"","theme-transparent-header-meta":"","adv-header-id-meta":"","stick-header-meta":"","header-above-stick-meta":"","header-main-stick-meta":"","header-below-stick-meta":"","astra-migrate-meta-layouts":"default","ast-page-background-enabled":"default","ast-page-background-meta":{"desktop":{"background-color":"var(--ast-global-color-5)","background-image":"","background-repeat":"repeat","background-position":"center center","background-size":"auto","background-attachment":"scroll","background-type":"","background-media":"","overlay-type":"","overlay-color":"","overlay-opacity":"","overlay-gradient":""},"tablet":{"background-color":"","background-image":"","background-repeat":"repeat","background-position":"center center","background-size":"auto","background-attachment":"scroll","background-type":"","background-media":"","overlay-type":"","overlay-color":"","overlay-opacity":"","overlay-gradient":""},"mobile":{"background-color":"","background-image":"","background-repeat":"repeat","background-position":"center center","background-size":"auto","background-attachment":"scroll","background-type":"","background-media":"","overlay-type":"","overlay-color":"","overlay-opacity":"","overlay-gradient":""}},"ast-content-background-meta":{"desktop":{"background-color":"var(--ast-global-color-4)","background-image":"","background-repeat":"repeat","background-position":"center center","background-size":"auto","background-attachment":"scroll","background-type":"","background-media":"","overlay-type":"","overlay-color":"","overlay-opacity":"","overlay-gradient":""},"tablet":{"background-color":"var(--ast-global-color-4)","background-image":"","background-repeat":"repeat","background-position":"center center","background-size":"auto","background-attachment":"scroll","background-type":"","background-media":"","overlay-type":"","overlay-color":"","overlay-opacity":"","overlay-gradient":""},"mobile":{"background-color":"var(--ast-global-color-4)","background-image":"","background-repeat":"repeat","background-position":"center center","background-size":"auto","background-attachment":"scroll","background-type":"","background-media":"","overlay-type":"","overlay-color":"","overlay-opacity":"","overlay-gradient":""}},"footnotes":""},"class_list":["post-104","page","type-page","status-publish","hentry"],"aioseo_notices":[],"_links":{"self":[{"href":"https:\/\/sezginpil.com\/index.php?rest_route=\/wp\/v2\/pages\/104","targetHints":{"allow":["GET"]}}],"collection":[{"href":"https:\/\/sezginpil.com\/index.php?rest_route=\/wp\/v2\/pages"}],"about":[{"href":"https:\/\/sezginpil.com\/index.php?rest_route=\/wp\/v2\/types\/page"}],"author":[{"embeddable":true,"href":"https:\/\/sezginpil.com\/index.php?rest_route=\/wp\/v2\/users\/1"}],"replies":[{"embeddable":true,"href":"https:\/\/sezginpil.com\/index.php?rest_route=%2Fwp%2Fv2%2Fcomments&post=104"}],"version-history":[{"count":14,"href":"https:\/\/sezginpil.com\/index.php?rest_route=\/wp\/v2\/pages\/104\/revisions"}],"predecessor-version":[{"id":499,"href":"https:\/\/sezginpil.com\/index.php?rest_route=\/wp\/v2\/pages\/104\/revisions\/499"}],"wp:attachment":[{"href":"https:\/\/sezginpil.com\/index.php?rest_route=%2Fwp%2Fv2%2Fmedia&parent=104"}],"curies":[{"name":"wp","href":"https:\/\/api.w.org\/{rel}","templated":true}]}}